{"id":2,"date":"2013-05-08T08:35:27","date_gmt":"2013-05-08T08:35:27","guid":{"rendered":"http:\/\/archerphoto.eu\/fotografia-valencia\/?page_id=2"},"modified":"2013-05-10T16:50:30","modified_gmt":"2013-05-10T16:50:30","slug":"sample-page","status":"publish","type":"page","link":"https:\/\/pvgrkdwu.a2hosted.com\/fotografia-valencia\/sample-page\/","title":{"rendered":"Fotograf\u00eda Valencia, im\u00e1genes de una ciudad"},"content":{"rendered":"<p>Fotograf\u00eda Valencia es una manera de ense\u00f1ar algunas de mis fotos en una web. En realidad, tengo otras, pero como fot\u00f3grafo profesional llevo muy a menudo alguna c\u00e1mara encima (a veces llevo una DSLR y otras solamente llevo el m\u00f3vil, pero bueno, la mejor c\u00e1mara es la que tienes en el momento que te hace falta) \u00a0y siempre acabo haciendo m\u00e1s fotos de las estrictamente necesarias. Aqu\u00ed se podr\u00e1n ver unas cuantas, con diferentes tem\u00e1ticas y perspectivas. Me llamo Sergi Albir y colgar\u00e9 las fotos y los textos que hay aqu\u00ed. Si por alg\u00fan motivo necesitas fotograf\u00edas, podr\u00e1s contactar conmigo, pero en esta web b\u00e1sicamente me dedicar\u00e9 a ense\u00f1ar aspectos de mi ciudad. Una ciudad no solo son edificios, sino que tambi\u00e9n es gente. Ense\u00f1ar\u00e9 menos de la que deber\u00eda por cuestiones de normativa legal. Suena un poco triste, pero es lo que hay.<\/p>\n<h2>Barrios, edificios, obras<\/h2>\n<p>Lo cierto es que cualquier sitio puede ser bueno para ense\u00f1ar fotos de la ciudad. Desde un estadio a un callej\u00f3n siniestro. Y vale cualquier c\u00e1mara. Lo complicado, tal vez, ser\u00e1 encontrar criterios. No se\u00e1is crueles conmigo, la cuesti\u00f3n de clasificar y ordenar no es exactamente mi fuerte.<\/p>\n<h2>Eventos, manifestaciones, gente<\/h2>\n<p>De vez en cuando pasan cosas aqu\u00ed. As\u00ed que hay veces que lo cuento. Pero no se trata de un blog de fotoperiodismo, lo siento.<\/p>\n<h2>No todo est\u00e1 aqu\u00ed<\/h2>\n<p>Como he dicho, soy fot\u00f3grafo profesional. No todo mi trabajo aparece aqu\u00ed, solo subir\u00e9 cosas que puedan tener que ver con la ciudad. Pero quien quiera ver m\u00e1s cosas puede mirar en alguno de los links. Principalmente podr\u00e9is encontrar fotos en <a title=\"http:\/\/Archerphoto.eu\" href=\"http:\/\/Archerphoto.eu\" target=\"_blank\">http:\/\/Archerphoto.eu<\/a> y en <a title=\"http:\/\/flickr.com\/photos\/archerphoto\" href=\"http:\/\/flickr.com\/photos\/archerphoto\" target=\"_blank\">http:\/\/flickr.com\/photos\/archerphoto<\/a> .<\/p>\n<div id='gallery-1' class='gallery galleryid-2 gallery-columns-3 gallery-size-thumbnail'><figure class='gallery-item'>\n\t\t\t<div class='gallery-icon portrait'>\n\t\t\t\t<a href='https:\/\/pvgrkdwu.a2hosted.com\/fotografia-valencia\/img_5071-levels-smallzzz\/'><img loading=\"lazy\" decoding=\"async\" width=\"150\" height=\"150\" src=\"https:\/\/pvgrkdwu.a2hosted.com\/fotografia-valencia\/wp-content\/uploads\/2013\/05\/IMG_5071-levels-smallzzz-150x150.jpg\" class=\"attachment-thumbnail size-thumbnail\" alt=\"Valencia por la noche, Archerphoto\" aria-describedby=\"gallery-1-28\" \/><\/a>\n\t\t\t<\/div>\n\t\t\t\t<figcaption class='wp-caption-text gallery-caption' id='gallery-1-28'>\n\t\t\t\tValencia por la noche, Archerphoto\n\t\t\t\t<\/figcaption><\/figure><figure class='gallery-item'>\n\t\t\t<div class='gallery-icon landscape'>\n\t\t\t\t<a href='https:\/\/pvgrkdwu.a2hosted.com\/fotografia-valencia\/img_2707-corrected-smallzzz\/'><img loading=\"lazy\" decoding=\"async\" width=\"150\" height=\"150\" src=\"https:\/\/pvgrkdwu.a2hosted.com\/fotografia-valencia\/wp-content\/uploads\/2013\/05\/IMG_2707-corrected-smallzzz-150x150.jpg\" class=\"attachment-thumbnail size-thumbnail\" alt=\"Cajero autom\u00e1tico en obras\" aria-describedby=\"gallery-1-27\" \/><\/a>\n\t\t\t<\/div>\n\t\t\t\t<figcaption class='wp-caption-text gallery-caption' id='gallery-1-27'>\n\t\t\t\tCajero autom\u00e1tico en obras\n\t\t\t\t<\/figcaption><\/figure><figure class='gallery-item'>\n\t\t\t<div class='gallery-icon portrait'>\n\t\t\t\t<a href='https:\/\/pvgrkdwu.a2hosted.com\/fotografia-valencia\/img_2616-corrected-smallzzz\/'><img loading=\"lazy\" decoding=\"async\" width=\"150\" height=\"150\" src=\"https:\/\/pvgrkdwu.a2hosted.com\/fotografia-valencia\/wp-content\/uploads\/2013\/05\/IMG_2616-corrected-smallzzz-150x150.jpg\" class=\"attachment-thumbnail size-thumbnail\" alt=\"Mercado de Col\u00f3n, por Archerphoto\" aria-describedby=\"gallery-1-26\" \/><\/a>\n\t\t\t<\/div>\n\t\t\t\t<figcaption class='wp-caption-text gallery-caption' id='gallery-1-26'>\n\t\t\t\tMercado de Col\u00f3n, por Archerphoto\n\t\t\t\t<\/figcaption><\/figure><figure class='gallery-item'>\n\t\t\t<div class='gallery-icon portrait'>\n\t\t\t\t<a href='https:\/\/pvgrkdwu.a2hosted.com\/fotografia-valencia\/img_0930-levels-smallzzz\/'><img loading=\"lazy\" decoding=\"async\" width=\"150\" height=\"150\" src=\"https:\/\/pvgrkdwu.a2hosted.com\/fotografia-valencia\/wp-content\/uploads\/2013\/05\/IMG_0930-levels-smallzzz-150x150.jpg\" class=\"attachment-thumbnail size-thumbnail\" alt=\"Eixample, por Archerphoto\" aria-describedby=\"gallery-1-25\" \/><\/a>\n\t\t\t<\/div>\n\t\t\t\t<figcaption class='wp-caption-text gallery-caption' id='gallery-1-25'>\n\t\t\t\tEixample, por Archerphoto\n\t\t\t\t<\/figcaption><\/figure><figure class='gallery-item'>\n\t\t\t<div class='gallery-icon landscape'>\n\t\t\t\t<a href='https:\/\/pvgrkdwu.a2hosted.com\/fotografia-valencia\/img_9896-cropped-levels-smallzzz\/'><img loading=\"lazy\" decoding=\"async\" width=\"150\" height=\"150\" src=\"https:\/\/pvgrkdwu.a2hosted.com\/fotografia-valencia\/wp-content\/uploads\/2013\/05\/IMG_9896-cropped-levels-smallzzz-150x150.jpg\" class=\"attachment-thumbnail size-thumbnail\" alt=\"\" \/><\/a>\n\t\t\t<\/div><\/figure><figure class='gallery-item'>\n\t\t\t<div class='gallery-icon landscape'>\n\t\t\t\t<a href='https:\/\/pvgrkdwu.a2hosted.com\/fotografia-valencia\/img_9847-corrected-smallzzz\/'><img loading=\"lazy\" decoding=\"async\" width=\"150\" height=\"150\" src=\"https:\/\/pvgrkdwu.a2hosted.com\/fotografia-valencia\/wp-content\/uploads\/2013\/05\/IMG_9847-corrected-smallzzz-150x150.jpg\" class=\"attachment-thumbnail size-thumbnail\" alt=\"La calle de las barcas: Teatro Principal y Banco de Valencia, por Archerphoto\" aria-describedby=\"gallery-1-23\" \/><\/a>\n\t\t\t<\/div>\n\t\t\t\t<figcaption class='wp-caption-text gallery-caption' id='gallery-1-23'>\n\t\t\t\tLa calle de las barcas: Teatro Principal y Banco de Valencia, por Archerphoto\n\t\t\t\t<\/figcaption><\/figure><figure class='gallery-item'>\n\t\t\t<div class='gallery-icon landscape'>\n\t\t\t\t<a href='https:\/\/pvgrkdwu.a2hosted.com\/fotografia-valencia\/img_9158-corrected-smallzzz\/'><img loading=\"lazy\" decoding=\"async\" width=\"150\" height=\"150\" src=\"https:\/\/pvgrkdwu.a2hosted.com\/fotografia-valencia\/wp-content\/uploads\/2013\/05\/IMG_9158-corrected-smallzzz-150x150.jpg\" class=\"attachment-thumbnail size-thumbnail\" alt=\"\" \/><\/a>\n\t\t\t<\/div><\/figure><figure class='gallery-item'>\n\t\t\t<div class='gallery-icon portrait'>\n\t\t\t\t<a href='https:\/\/pvgrkdwu.a2hosted.com\/fotografia-valencia\/img_8649-levels-cropped-smallzzz\/'><img loading=\"lazy\" decoding=\"async\" width=\"150\" height=\"150\" src=\"https:\/\/pvgrkdwu.a2hosted.com\/fotografia-valencia\/wp-content\/uploads\/2013\/05\/IMG_8649-levels-cropped-smallzzz-150x150.jpg\" class=\"attachment-thumbnail size-thumbnail\" alt=\"\" \/><\/a>\n\t\t\t<\/div><\/figure><figure class='gallery-item'>\n\t\t\t<div class='gallery-icon portrait'>\n\t\t\t\t<a href='https:\/\/pvgrkdwu.a2hosted.com\/fotografia-valencia\/sample-page\/img_9668-levels-from-raw-smallzzz\/'><img loading=\"lazy\" decoding=\"async\" width=\"150\" height=\"150\" src=\"https:\/\/pvgrkdwu.a2hosted.com\/fotografia-valencia\/wp-content\/uploads\/2013\/05\/IMG_9668-levels-from-raw-smallzzz-150x150.jpg\" class=\"attachment-thumbnail size-thumbnail\" alt=\"Bici, por Archerphoto\" aria-describedby=\"gallery-1-20\" \/><\/a>\n\t\t\t<\/div>\n\t\t\t\t<figcaption class='wp-caption-text gallery-caption' id='gallery-1-20'>\n\t\t\t\tBici, por Archerphoto\n\t\t\t\t<\/figcaption><\/figure>\n\t\t<\/div>\n\n","protected":false},"excerpt":{"rendered":"<p>Fotograf\u00eda Valencia es una manera de ense\u00f1ar algunas de mis fotos en una web. En realidad, tengo otras, pero como fot\u00f3grafo profesional llevo muy a menudo alguna c\u00e1mara encima (a veces llevo una DSLR y otras solamente llevo el m\u00f3vil, pero bueno, la mejor c\u00e1mara es la que tienes en el momento que te hace [&hellip;]<\/p>\n","protected":false},"author":1,"featured_media":0,"parent":0,"menu_order":0,"comment_status":"open","ping_status":"open","template":"","meta":{"footnotes":""},"class_list":["post-2","page","type-page","status-publish","hentry"],"_links":{"self":[{"href":"https:\/\/pvgrkdwu.a2hosted.com\/fotografia-valencia\/wp-json\/wp\/v2\/pages\/2","targetHints":{"allow":["GET"]}}],"collection":[{"href":"https:\/\/pvgrkdwu.a2hosted.com\/fotografia-valencia\/wp-json\/wp\/v2\/pages"}],"about":[{"href":"https:\/\/pvgrkdwu.a2hosted.com\/fotografia-valencia\/wp-json\/wp\/v2\/types\/page"}],"author":[{"embeddable":true,"href":"https:\/\/pvgrkdwu.a2hosted.com\/fotografia-valencia\/wp-json\/wp\/v2\/users\/1"}],"replies":[{"embeddable":true,"href":"https:\/\/pvgrkdwu.a2hosted.com\/fotografia-valencia\/wp-json\/wp\/v2\/comments?post=2"}],"version-history":[{"count":17,"href":"https:\/\/pvgrkdwu.a2hosted.com\/fotografia-valencia\/wp-json\/wp\/v2\/pages\/2\/revisions"}],"predecessor-version":[{"id":4,"href":"https:\/\/pvgrkdwu.a2hosted.com\/fotografia-valencia\/wp-json\/wp\/v2\/pages\/2\/revisions\/4"}],"wp:attachment":[{"href":"https:\/\/pvgrkdwu.a2hosted.com\/fotografia-valencia\/wp-json\/wp\/v2\/media?parent=2"}],"curies":[{"name":"wp","href":"https:\/\/api.w.org\/{rel}","templated":true}]}}