{"id":679,"date":"2016-01-12T14:15:52","date_gmt":"2016-01-12T14:15:52","guid":{"rendered":"http:\/\/www.archerphoto.eu\/esmentira\/?page_id=679"},"modified":"2016-01-12T14:23:42","modified_gmt":"2016-01-12T14:23:42","slug":"quis-custodiet-ipsos-custodet","status":"publish","type":"page","link":"https:\/\/pvgrkdwu.a2hosted.com\/esmentira\/quis-custodiet-ipsos-custodet\/","title":{"rendered":"Quis custodiet ipsos custodes?"},"content":{"rendered":"<p><span style=\"color: #000000;\">El pasado d\u00eda 10 de enero de 2016 \u00c1lex Grijelmo, que es una referencia clave en el lenguaje period\u00edstico de este pa\u00eds, mencionaba las leyendas urbanas en una columna en El Pa\u00eds (<a style=\"color: #000000;\" href=\"http:\/\/elpais.com\/elpais\/2015\/12\/30\/opinion\/1451475664_615429.html?rel=cx_articulo#cxrecs_s\">http:\/\/elpais.com\/elpais\/2015\/12\/30\/opinion\/1451475664_615429.html?rel=cx_articulo#cxrecs_s<\/a>) y propon\u00eda que, en muchos casos, el t\u00e9rmino se puede reemplazar por bulo. Yo mismo suelo distinguir entre unas y otras, pero el concepto de leyenda urbana no es realmente equivalente. Lo que escrib\u00eda Grijelmo es\u00a0&#8220;<em>Por ejemplo, \u201cleyenda urbana\u201d. La locuci\u00f3n urban legend fue inventada en 1968 por el etn\u00f3grafo estadounidense Richard Dorson a fin de distinguir entre las fantas\u00edas modernas y los viejos mitos de las sociedades rurales, con sus <a style=\"color: #000000;\" href=\"http:\/\/listas.20minutos.es\/lista\/leyendas-espanolas-grandes-misterios-310787\/\" target=\"_blank\">brujas, fantasmas y h\u00e9roes<\/a>(para nosotros las \u201cleyendas\u201d genuinas). Es decir, son leyendas urbanas que Elvis vive o que Walt Disney fue sometido a criogenia.<\/em><\/span><\/p>\n<p><span style=\"color: #000000;\"><em>Nada que oponer a su\u00a0uso <a style=\"color: #000000;\" href=\"http:\/\/dle.rae.es\/?id=NDOltxZ\" target=\"_blank\">(reflejado en el Diccionario desde 2001);<\/a>pero el texto y el contexto permiten a menudo que la expresi\u00f3n \u201cleyenda urbana\u201d sea sustituida por la simp\u00e1tica palabra espa\u00f1ola \u201cbulo\u201d. M\u00e1s breve y contundente<\/em>&#8220;. Un bulo es un concepto m\u00e1s gen\u00e9rico, mientras que una leyenda urbana, para ser tal, necesita de m\u00e1s requisitos, ya que suele implicar la multiplicidad de versiones, elementos de terror, misterio o humor, y en muchos casos tiene un prop\u00f3sito moralista de aviso, que en muchas ocasiones cuenta con prejuicios. Adem\u00e1s, suelen mantener un cierto grado de plausibilidad. Un <a style=\"color: #000000;\" href=\"http:\/\/dle.rae.es\/?id=6HojyGw\">bulo<\/a> es seg\u00fan la RAE, simplemente, &#8220;<em>una noticia falsa propagada con alg\u00fan fin<\/em>&#8220;, lo que, como ya coment\u00e1bamos antes, es una simplificaci\u00f3n exagerada en aras de la econom\u00eda verbal. Las leyendas urbanas est\u00e1n siendo estudiadas, cada vez m\u00e1s, en el \u00e1mbito del folklore y los cultural studies, con m\u00e1s de 100.000 entradas en Google Scholar. El concepto de bulo encaja mucho m\u00e1s con otra palabra anglosajona, hoax, que tambi\u00e9n se solapa parcialmente con las leyendas urbanas.<\/span><\/p>\n","protected":false},"excerpt":{"rendered":"<p>El pasado d\u00eda 10 de enero de 2016 \u00c1lex Grijelmo, que es una referencia clave en el lenguaje period\u00edstico de este pa\u00eds, mencionaba las leyendas urbanas en una columna en El Pa\u00eds (http:\/\/elpais.com\/elpais\/2015\/12\/30\/opinion\/1451475664_615429.html?rel=cx_articulo#cxrecs_s) y propon\u00eda que, en muchos casos, el t\u00e9rmino se puede reemplazar por bulo. Yo mismo suelo distinguir entre unas y otras, pero &hellip; <\/p>\n<p class=\"link-more\"><a href=\"https:\/\/pvgrkdwu.a2hosted.com\/esmentira\/quis-custodiet-ipsos-custodet\/\" class=\"more-link\">Continue reading<span class=\"screen-reader-text\"> &#8220;Quis custodiet ipsos custodes?&#8221;<\/span><\/a><\/p>\n","protected":false},"author":1,"featured_media":222,"parent":0,"menu_order":0,"comment_status":"closed","ping_status":"closed","template":"","meta":{"footnotes":""},"class_list":["post-679","page","type-page","status-publish","has-post-thumbnail","hentry"],"yoast_head":"<!-- This site is optimized with the Yoast SEO plugin v24.3 - https:\/\/yoast.com\/wordpress\/plugins\/seo\/ -->\n<title>Quis custodiet ipsos custodes? - Es mentira<\/title>\n<meta name=\"robots\" content=\"index, follow, max-snippet:-1, max-image-preview:large, max-video-preview:-1\" \/>\n<link rel=\"canonical\" href=\"https:\/\/pvgrkdwu.a2hosted.com\/esmentira\/quis-custodiet-ipsos-custodet\/\" \/>\n<meta property=\"og:locale\" content=\"en_US\" \/>\n<meta property=\"og:type\" content=\"article\" \/>\n<meta property=\"og:title\" content=\"Quis custodiet ipsos custodes? - Es mentira\" \/>\n<meta property=\"og:description\" content=\"El pasado d\u00eda 10 de enero de 2016 \u00c1lex Grijelmo, que es una referencia clave en el lenguaje period\u00edstico de este pa\u00eds, mencionaba las leyendas urbanas en una columna en El Pa\u00eds (http:\/\/elpais.com\/elpais\/2015\/12\/30\/opinion\/1451475664_615429.html?rel=cx_articulo#cxrecs_s) y propon\u00eda que, en muchos casos, el t\u00e9rmino se puede reemplazar por bulo. Yo mismo suelo distinguir entre unas y otras, pero &hellip; Continue reading &quot;Quis custodiet ipsos custodes?&quot;\" \/>\n<meta property=\"og:url\" content=\"https:\/\/pvgrkdwu.a2hosted.com\/esmentira\/quis-custodiet-ipsos-custodet\/\" \/>\n<meta property=\"og:site_name\" content=\"Es mentira\" \/>\n<meta property=\"article:publisher\" content=\"https:\/\/www.facebook.com\/JalalalaUniberzitate\/\" \/>\n<meta property=\"article:modified_time\" content=\"2016-01-12T14:23:42+00:00\" \/>\n<meta property=\"og:image\" content=\"https:\/\/pvgrkdwu.a2hosted.com\/esmentira\/wp-content\/uploads\/2013\/09\/IMG_7448-euro-de-madera-small.jpg\" \/>\n\t<meta property=\"og:image:width\" content=\"1200\" \/>\n\t<meta property=\"og:image:height\" content=\"800\" \/>\n\t<meta property=\"og:image:type\" content=\"image\/jpeg\" \/>\n<meta name=\"twitter:label1\" content=\"Est. reading time\" \/>\n\t<meta name=\"twitter:data1\" content=\"2 minutes\" \/>\n<script type=\"application\/ld+json\" class=\"yoast-schema-graph\">{\"@context\":\"https:\/\/schema.org\",\"@graph\":[{\"@type\":\"WebPage\",\"@id\":\"https:\/\/pvgrkdwu.a2hosted.com\/esmentira\/quis-custodiet-ipsos-custodet\/\",\"url\":\"https:\/\/pvgrkdwu.a2hosted.com\/esmentira\/quis-custodiet-ipsos-custodet\/\",\"name\":\"Quis custodiet ipsos custodes? - Es mentira\",\"isPartOf\":{\"@id\":\"https:\/\/pvgrkdwu.a2hosted.com\/esmentira\/#website\"},\"primaryImageOfPage\":{\"@id\":\"https:\/\/pvgrkdwu.a2hosted.com\/esmentira\/quis-custodiet-ipsos-custodet\/#primaryimage\"},\"image\":{\"@id\":\"https:\/\/pvgrkdwu.a2hosted.com\/esmentira\/quis-custodiet-ipsos-custodet\/#primaryimage\"},\"thumbnailUrl\":\"https:\/\/pvgrkdwu.a2hosted.com\/esmentira\/wp-content\/uploads\/2013\/09\/IMG_7448-euro-de-madera-small.jpg\",\"datePublished\":\"2016-01-12T14:15:52+00:00\",\"dateModified\":\"2016-01-12T14:23:42+00:00\",\"inLanguage\":\"en-US\",\"potentialAction\":[{\"@type\":\"ReadAction\",\"target\":[\"https:\/\/pvgrkdwu.a2hosted.com\/esmentira\/quis-custodiet-ipsos-custodet\/\"]}]},{\"@type\":\"ImageObject\",\"inLanguage\":\"en-US\",\"@id\":\"https:\/\/pvgrkdwu.a2hosted.com\/esmentira\/quis-custodiet-ipsos-custodet\/#primaryimage\",\"url\":\"https:\/\/pvgrkdwu.a2hosted.com\/esmentira\/wp-content\/uploads\/2013\/09\/IMG_7448-euro-de-madera-small.jpg\",\"contentUrl\":\"https:\/\/pvgrkdwu.a2hosted.com\/esmentira\/wp-content\/uploads\/2013\/09\/IMG_7448-euro-de-madera-small.jpg\",\"width\":1200,\"height\":800,\"caption\":\"La mayor\u00eda de estos mensajes son m\u00e1s falsos que un euro de madera\"},{\"@type\":\"WebSite\",\"@id\":\"https:\/\/pvgrkdwu.a2hosted.com\/esmentira\/#website\",\"url\":\"https:\/\/pvgrkdwu.a2hosted.com\/esmentira\/\",\"name\":\"Es mentira\",\"description\":\"Desmintiendo bulos y rumores\",\"potentialAction\":[{\"@type\":\"SearchAction\",\"target\":{\"@type\":\"EntryPoint\",\"urlTemplate\":\"https:\/\/pvgrkdwu.a2hosted.com\/esmentira\/?s={search_term_string}\"},\"query-input\":{\"@type\":\"PropertyValueSpecification\",\"valueRequired\":true,\"valueName\":\"search_term_string\"}}],\"inLanguage\":\"en-US\"}]}<\/script>\n<!-- \/ Yoast SEO plugin. -->","yoast_head_json":{"title":"Quis custodiet ipsos custodes? - Es mentira","robots":{"index":"index","follow":"follow","max-snippet":"max-snippet:-1","max-image-preview":"max-image-preview:large","max-video-preview":"max-video-preview:-1"},"canonical":"https:\/\/pvgrkdwu.a2hosted.com\/esmentira\/quis-custodiet-ipsos-custodet\/","og_locale":"en_US","og_type":"article","og_title":"Quis custodiet ipsos custodes? - Es mentira","og_description":"El pasado d\u00eda 10 de enero de 2016 \u00c1lex Grijelmo, que es una referencia clave en el lenguaje period\u00edstico de este pa\u00eds, mencionaba las leyendas urbanas en una columna en El Pa\u00eds (http:\/\/elpais.com\/elpais\/2015\/12\/30\/opinion\/1451475664_615429.html?rel=cx_articulo#cxrecs_s) y propon\u00eda que, en muchos casos, el t\u00e9rmino se puede reemplazar por bulo. Yo mismo suelo distinguir entre unas y otras, pero &hellip; Continue reading \"Quis custodiet ipsos custodes?\"","og_url":"https:\/\/pvgrkdwu.a2hosted.com\/esmentira\/quis-custodiet-ipsos-custodet\/","og_site_name":"Es mentira","article_publisher":"https:\/\/www.facebook.com\/JalalalaUniberzitate\/","article_modified_time":"2016-01-12T14:23:42+00:00","og_image":[{"width":1200,"height":800,"url":"https:\/\/pvgrkdwu.a2hosted.com\/esmentira\/wp-content\/uploads\/2013\/09\/IMG_7448-euro-de-madera-small.jpg","type":"image\/jpeg"}],"twitter_misc":{"Est. reading time":"2 minutes"},"schema":{"@context":"https:\/\/schema.org","@graph":[{"@type":"WebPage","@id":"https:\/\/pvgrkdwu.a2hosted.com\/esmentira\/quis-custodiet-ipsos-custodet\/","url":"https:\/\/pvgrkdwu.a2hosted.com\/esmentira\/quis-custodiet-ipsos-custodet\/","name":"Quis custodiet ipsos custodes? - Es mentira","isPartOf":{"@id":"https:\/\/pvgrkdwu.a2hosted.com\/esmentira\/#website"},"primaryImageOfPage":{"@id":"https:\/\/pvgrkdwu.a2hosted.com\/esmentira\/quis-custodiet-ipsos-custodet\/#primaryimage"},"image":{"@id":"https:\/\/pvgrkdwu.a2hosted.com\/esmentira\/quis-custodiet-ipsos-custodet\/#primaryimage"},"thumbnailUrl":"https:\/\/pvgrkdwu.a2hosted.com\/esmentira\/wp-content\/uploads\/2013\/09\/IMG_7448-euro-de-madera-small.jpg","datePublished":"2016-01-12T14:15:52+00:00","dateModified":"2016-01-12T14:23:42+00:00","inLanguage":"en-US","potentialAction":[{"@type":"ReadAction","target":["https:\/\/pvgrkdwu.a2hosted.com\/esmentira\/quis-custodiet-ipsos-custodet\/"]}]},{"@type":"ImageObject","inLanguage":"en-US","@id":"https:\/\/pvgrkdwu.a2hosted.com\/esmentira\/quis-custodiet-ipsos-custodet\/#primaryimage","url":"https:\/\/pvgrkdwu.a2hosted.com\/esmentira\/wp-content\/uploads\/2013\/09\/IMG_7448-euro-de-madera-small.jpg","contentUrl":"https:\/\/pvgrkdwu.a2hosted.com\/esmentira\/wp-content\/uploads\/2013\/09\/IMG_7448-euro-de-madera-small.jpg","width":1200,"height":800,"caption":"La mayor\u00eda de estos mensajes son m\u00e1s falsos que un euro de madera"},{"@type":"WebSite","@id":"https:\/\/pvgrkdwu.a2hosted.com\/esmentira\/#website","url":"https:\/\/pvgrkdwu.a2hosted.com\/esmentira\/","name":"Es mentira","description":"Desmintiendo bulos y rumores","potentialAction":[{"@type":"SearchAction","target":{"@type":"EntryPoint","urlTemplate":"https:\/\/pvgrkdwu.a2hosted.com\/esmentira\/?s={search_term_string}"},"query-input":{"@type":"PropertyValueSpecification","valueRequired":true,"valueName":"search_term_string"}}],"inLanguage":"en-US"}]}},"_links":{"self":[{"href":"https:\/\/pvgrkdwu.a2hosted.com\/esmentira\/wp-json\/wp\/v2\/pages\/679","targetHints":{"allow":["GET"]}}],"collection":[{"href":"https:\/\/pvgrkdwu.a2hosted.com\/esmentira\/wp-json\/wp\/v2\/pages"}],"about":[{"href":"https:\/\/pvgrkdwu.a2hosted.com\/esmentira\/wp-json\/wp\/v2\/types\/page"}],"author":[{"embeddable":true,"href":"https:\/\/pvgrkdwu.a2hosted.com\/esmentira\/wp-json\/wp\/v2\/users\/1"}],"replies":[{"embeddable":true,"href":"https:\/\/pvgrkdwu.a2hosted.com\/esmentira\/wp-json\/wp\/v2\/comments?post=679"}],"version-history":[{"count":4,"href":"https:\/\/pvgrkdwu.a2hosted.com\/esmentira\/wp-json\/wp\/v2\/pages\/679\/revisions"}],"predecessor-version":[{"id":687,"href":"https:\/\/pvgrkdwu.a2hosted.com\/esmentira\/wp-json\/wp\/v2\/pages\/679\/revisions\/687"}],"wp:featuredmedia":[{"embeddable":true,"href":"https:\/\/pvgrkdwu.a2hosted.com\/esmentira\/wp-json\/wp\/v2\/media\/222"}],"wp:attachment":[{"href":"https:\/\/pvgrkdwu.a2hosted.com\/esmentira\/wp-json\/wp\/v2\/media?parent=679"}],"curies":[{"name":"wp","href":"https:\/\/api.w.org\/{rel}","templated":true}]}}