{"id":218,"date":"2013-09-18T13:24:09","date_gmt":"2013-09-18T13:24:09","guid":{"rendered":"http:\/\/www.archerphoto.eu\/esmentira\/?page_id=218"},"modified":"2019-12-30T12:15:31","modified_gmt":"2019-12-30T12:15:31","slug":"bulos-y-cadenas-de-internet-para-que-sirven","status":"publish","type":"page","link":"https:\/\/pvgrkdwu.a2hosted.com\/esmentira\/bulos-y-cadenas-de-internet-para-que-sirven\/","title":{"rendered":"Bulos y cadenas de Internet \u00bfPara qu\u00e9 sirven?"},"content":{"rendered":"\n<p><strong>Todos tenemos algo de impulsivos<\/strong>. Ocasionalmente no nos paramos a pensar y reenviamos un mensaje que nos ha llegado por alg\u00fan medio sin m\u00e1s. Apenas le damos reflexi\u00f3n: la fuente muchas veces no es fiable, la redacci\u00f3n no es buena o el mensaje es confuso, pero si nos toca en el mecanismo de &#8220;reenviar&#8221;, all\u00e1 va. \u00bfHay consecuencias? \u00bfMerece la pena? \u00a0Si le dedicamos un poco de tiempo, podremos saber a qui\u00e9n benefician o perjudican y si merece la pena estos bulos y cadenas de Internet.<\/p>\n\n\n\n<p>Todos los d\u00edas recibimos miles de mensajes de todo tipo. Algunos nos interesan, otros nos conmueven y la mayor\u00eda pasan desapercibidos. En muchos casos alguno de los mensajes nos enervan o nos impulsan a la acci\u00f3n. Pero habitualmente, poco. De manera que <strong>si hay un mensaje que nos impulse a una acci\u00f3n que podamos realizar sin cansarnos pr\u00e1cticamente nada, esa acci\u00f3n tiene muchas posibilidades de ser realizada<\/strong>. De manera que podemos pensar que <strong>una de las piezas b\u00e1sicas de un bulo de Internet es<\/strong> que nos mueve a la acci\u00f3n, probablemente mediante <strong>un sentimiento<\/strong>: indignaci\u00f3n, ira, solidaridad, sorpresa o precauci\u00f3n.<\/p>\n\n\n\n<div class=\"wp-block-image\"><figure class=\"aligncenter\"><a href=\"https:\/\/pvgrkdwu.a2hosted.com\/esmentira\/wp-content\/uploads\/2013\/09\/IMG_7448-euro-de-madera-small.jpg\"><img loading=\"lazy\" decoding=\"async\" width=\"1024\" height=\"682\" src=\"https:\/\/pvgrkdwu.a2hosted.com\/esmentira\/wp-content\/uploads\/2013\/09\/IMG_7448-euro-de-madera-small-1024x682.jpg\" alt=\"M\u00e1s falso que un euro de mader, bulos y cadenas de Internet\" class=\"wp-image-222\" srcset=\"https:\/\/pvgrkdwu.a2hosted.com\/esmentira\/wp-content\/uploads\/2013\/09\/IMG_7448-euro-de-madera-small-1024x682.jpg 1024w, https:\/\/pvgrkdwu.a2hosted.com\/esmentira\/wp-content\/uploads\/2013\/09\/IMG_7448-euro-de-madera-small-300x200.jpg 300w, https:\/\/pvgrkdwu.a2hosted.com\/esmentira\/wp-content\/uploads\/2013\/09\/IMG_7448-euro-de-madera-small.jpg 1200w\" sizes=\"auto, (max-width: 767px) 89vw, (max-width: 1000px) 54vw, (max-width: 1071px) 543px, 580px\" \/><\/a><figcaption>La mayor\u00eda de estos mensajes son m\u00e1s falsos que un euro de madera<\/figcaption><\/figure><\/div>\n\n\n\n<p><strong>As\u00ed, si el mensaje ha de triunfar, un usuario lo leer\u00e1 e inmediatamente lo reenviar\u00e1 a, por ejemplo, 5 personas<\/strong> (esto no es una estad\u00edstica, es un ejemplo). La progresi\u00f3n de difusi\u00f3n es geom\u00e9trica: en unas horas puede haber llegado, si ha habido un proceso r\u00e1pido, a much\u00edsima gente. <strong>Supongamos que el primer usuario lo env\u00eda a 20 personas porque es especialmente activo y los receptores lo env\u00edan a 5 personas cada una. En unas horas estar\u00eda en m\u00e1s de 300.000 personas<\/strong>. As\u00ed, la cantidad de impactos, que adem\u00e1s son gratuitos, que genera este sistema es espectacular. Recientemente he visto un mensaje que se transmit\u00eda a trav\u00e9s de Whatsapp en el que se propon\u00eda una iniciativa pol\u00edtica. El mensaje incorporaba nombre y direcci\u00f3n de una firma de abogados. Curiosamente esto les puede costar un desastre en la Agencia de Protecci\u00f3n de Datos. El mensaje se considerar\u00e1 spam (publicidad no deseada, que adem\u00e1s les beneficia) y pueden enfrentarse a una multa de hasta 600.000 \u20ac. Los efectos beneficiosos de esta campa\u00f1a son dudosos, pero el caso es interesante.<\/p>\n\n\n\n<h2 class=\"wp-block-heading\">Bulos y cadenas de Internet \u00bfPara qu\u00e9 sirven?<\/h2>\n\n\n\n<p>El punto es que <strong>s\u00ed hay quien se beneficia directamente de estas cadenas de spam<\/strong>. En este caso anterior se trataba de la firma que se hac\u00eda publicidad, pero en las cadenas que se hacen a trav\u00e9s de correo electr\u00f3nico, los beneficiarios pueden ser gente con peores intenciones que un gabinete de abogados. En serio. <strong>Muchos de los reenv\u00edos se hac\u00edan con las direcciones visibles. Esto permite que empresas que se dedican profesionalmente a enviar mensajes de spam<\/strong> (ofertas de webs de contenido sexual, medicamentos, sistemas piramidades, timos nigerianos varios, etc) obtengan nuestro correo y puedan enviarnos sus mails. O, si consiguen suficiente informaci\u00f3n cruzada a trav\u00e9s de la multitud de pistas que vamos dejando en la red, puede que consigan suplantar nuestra identidad.  Eso pueden usarlo para generar tarjetas de cr\u00e9dito falsas (sucede todos los d\u00edas) y asuntos similares.<\/p>\n\n\n\n<h2 class=\"wp-block-heading\">\u00bfC\u00f3mo protegernos?<\/h2>\n\n\n\n<p><strong>El pensamiento cr\u00edtico suele ser el mejor sistema para analizar los diversos mensajes. Eso y un poco de esfuerzo: muchas veces merece la pena comprobar las fuentes<\/strong>, incluso si no eres periodista o se habla de algo en lo que no eres experto. Algunas normas b\u00e1sicas son: <strong>&#8220;Si algo es demasiado bueno para ser verdad es que probablemente no lo sea&#8221;<\/strong>, <strong>&#8220;Los milagros no existen&#8221;<\/strong> y, sobre todo, la pregunta de <strong>&#8220;\u00bfQui\u00e9n se beneficia de que esta informaci\u00f3n corra r\u00e1pido?&#8221;<\/strong>.<\/p>\n\n\n\n<p>Con todo, <strong>hay bulos estrictamente absurdos en s\u00ed mismos<\/strong> que solo sirven, como hemos explicado antes, para que otra gente consiga tu correo. Para estos, lo m\u00e1s pr\u00e1ctico es asumir que somos seres emotivos. Antes de reaccionar r\u00e1pidamente, pensar en si es verdad o no. Si tienes la m\u00e1s m\u00ednima duda y no quieres investigar, simplemente no lo transmitas. Despu\u00e9s de todo, nadie quiere quedar como cr\u00e9dulo o tonto.<\/p>\n\n\n\n<h2 class=\"wp-block-heading\"><em>Por si acaso<\/em>. Igual no quieres leer esto.<\/h2>\n\n\n\n<p><strong>La parte m\u00e1s dura de este art\u00edculo viene aqu\u00ed: la gente que pasa el spam &#8220;por si acaso&#8221;<\/strong>. La cuesti\u00f3n es que estos amigos nuestros est\u00e1n distribuyendo falsedades y\/o fraudes solo porque deciden no pararse a considerar si son falsos o ciertos. <strong>Cuando hacen eso no solamente nos molestan a nosotros<\/strong> (es cierto, nos molestan) <strong>sino que est\u00e1n beneficiando directamente a individuos o empresas que est\u00e1n intentando enga\u00f1arnos<\/strong>. Como cada uno de nosotros cuenta con un cerebro perfectamente operativo eso hace que sean <strong>casi c\u00f3mplices, pero sin ser part\u00edcipes del beneficio<\/strong>. Esto es, se convierten en instrumentos, herramientas, elementos manipulables porque alguien ha encontrado el interruptor que hace que reaccionen autom\u00e1ticamente.<\/p>\n\n\n\n<h2 class=\"wp-block-heading\"><em>Pero no cuesta nada<\/em><\/h2>\n\n\n\n<p>En realidad, s\u00ed cuesta. Puedes pensar que enviar un correo electr\u00f3nico es una cuesti\u00f3n con un coste infinitesimal, pero estas cadenas generan mensajes por millones. Ya e<strong>n 2008 se calculaba que el spam en general estaba en una cifra de unos 62 billones (62 trillions, mencionaba la fuente, The Economist, pero la traducci\u00f3n literal ser\u00eda incorrecta), lo que constitu\u00eda un gasto energ\u00e9tico similar al de una ciudad 1,5 millones de personas en el mismo a\u00f1o<\/strong>. \u00a0Y eran datos que solo inclu\u00edan once de los pa\u00edses m\u00e1s grandes del mundo. El crecimiento de Internet desde 2008 ha sido alt\u00edsimo, de manera que las cifras -de las que no dispongo ahora mismo- estar\u00e1n a\u00fan m\u00e1s arriba. Eso ocasiona costes econ\u00f3micos y ecol\u00f3gicos. No env\u00edes ro\u00f1a por Internet. Salva el planeta. Aunque solo sea por eso, deber\u00edas evitar enviar todo eso. Y tus amigos te querr\u00e1n m\u00e1s. O te odiar\u00e1n menos, que en t\u00e9rminos absolutos viene a ser lo mismo.<\/p>\n\n\n\n<p>Algunos ejemplos tratados en esta misma p\u00e1gina son <a href=\"https:\/\/pvgrkdwu.a2hosted.com\/esmentira\/reciclaje-de-leche-mentiras-y-mas-mentiras\/\" target=\"_blank\" rel=\"noopener noreferrer\">el bulo sobre el reciclaje de los cartones de leche <\/a>o&nbsp;sobre<a href=\"https:\/\/pvgrkdwu.a2hosted.com\/esmentira\/otro-bulo-sobre-un-ataque-terrorista\/\"> ataques terroristas<\/a>.<\/p>\n\n\n\n<p>Un poco m\u00e1s de informaci\u00f3n:<\/p>\n\n\n\n<p><a href=\"http:\/\/www.economist.com\/node\/13851721\">http:\/\/www.economist.com\/node\/13851721<\/a><\/p>\n\n\n\n<p><a href=\"https:\/\/es.wikipedia.org\/wiki\/Cadena_de_mensajes_por_correo_electr%C3%B3nico\">https:\/\/es.wikipedia.org\/wiki\/Cadena_de_mensajes_por_correo_electr%C3%B3nico<\/a><\/p>\n\n\n\n<p>Sergi Albir<\/p>\n","protected":false},"excerpt":{"rendered":"<p>Todos tenemos algo de impulsivos. Ocasionalmente no nos paramos a pensar y reenviamos un mensaje que nos ha llegado por alg\u00fan medio sin m\u00e1s. Apenas le damos reflexi\u00f3n: la fuente muchas veces no es fiable, la redacci\u00f3n no es buena o el mensaje es confuso, pero si nos toca en el mecanismo de &#8220;reenviar&#8221;, all\u00e1 &hellip; <\/p>\n<p class=\"link-more\"><a href=\"https:\/\/pvgrkdwu.a2hosted.com\/esmentira\/bulos-y-cadenas-de-internet-para-que-sirven\/\" class=\"more-link\">Continue reading<span class=\"screen-reader-text\"> &#8220;Bulos y cadenas de Internet \u00bfPara qu\u00e9 sirven?&#8221;<\/span><\/a><\/p>\n","protected":false},"author":1,"featured_media":228,"parent":0,"menu_order":0,"comment_status":"open","ping_status":"open","template":"","meta":{"footnotes":""},"class_list":["post-218","page","type-page","status-publish","has-post-thumbnail","hentry"],"yoast_head":"<!-- This site is optimized with the Yoast SEO plugin v24.3 - https:\/\/yoast.com\/wordpress\/plugins\/seo\/ -->\n<title>Bulos y cadenas de Internet \u00bfPara qu\u00e9 sirven? Esmentira.com<\/title>\n<meta name=\"description\" content=\"Bulos y cadenas de Internet \u00bfPara qu\u00e9 sirven? Hay quien se beneficia directamente de estas cadenas de spam y no tienen motivaciones altruistas.\" \/>\n<meta name=\"robots\" content=\"index, follow, max-snippet:-1, max-image-preview:large, max-video-preview:-1\" \/>\n<link rel=\"canonical\" href=\"https:\/\/pvgrkdwu.a2hosted.com\/esmentira\/bulos-y-cadenas-de-internet-para-que-sirven\/\" \/>\n<meta property=\"og:locale\" content=\"en_US\" \/>\n<meta property=\"og:type\" content=\"article\" \/>\n<meta property=\"og:title\" content=\"Bulos y cadenas de Internet \u00bfPara qu\u00e9 sirven? Esmentira.com\" \/>\n<meta property=\"og:description\" content=\"Bulos y cadenas de Internet \u00bfPara qu\u00e9 sirven? Hay quien se beneficia directamente de estas cadenas de spam y no tienen motivaciones altruistas.\" \/>\n<meta property=\"og:url\" content=\"https:\/\/pvgrkdwu.a2hosted.com\/esmentira\/bulos-y-cadenas-de-internet-para-que-sirven\/\" \/>\n<meta property=\"og:site_name\" content=\"Es mentira\" \/>\n<meta property=\"article:publisher\" content=\"https:\/\/www.facebook.com\/JalalalaUniberzitate\/\" \/>\n<meta property=\"article:modified_time\" content=\"2019-12-30T12:15:31+00:00\" \/>\n<meta property=\"og:image\" content=\"https:\/\/pvgrkdwu.a2hosted.com\/esmentira\/wp-content\/uploads\/2013\/09\/IMG_0464-billetes-de-27-euros-small-square.jpg\" \/>\n\t<meta property=\"og:image:width\" content=\"752\" \/>\n\t<meta property=\"og:image:height\" content=\"752\" \/>\n\t<meta property=\"og:image:type\" content=\"image\/jpeg\" \/>\n<meta name=\"twitter:label1\" content=\"Est. reading time\" \/>\n\t<meta name=\"twitter:data1\" content=\"5 minutes\" \/>\n<script type=\"application\/ld+json\" class=\"yoast-schema-graph\">{\"@context\":\"https:\/\/schema.org\",\"@graph\":[{\"@type\":\"WebPage\",\"@id\":\"https:\/\/pvgrkdwu.a2hosted.com\/esmentira\/bulos-y-cadenas-de-internet-para-que-sirven\/\",\"url\":\"https:\/\/pvgrkdwu.a2hosted.com\/esmentira\/bulos-y-cadenas-de-internet-para-que-sirven\/\",\"name\":\"Bulos y cadenas de Internet \u00bfPara qu\u00e9 sirven? Esmentira.com\",\"isPartOf\":{\"@id\":\"https:\/\/pvgrkdwu.a2hosted.com\/esmentira\/#website\"},\"primaryImageOfPage\":{\"@id\":\"https:\/\/pvgrkdwu.a2hosted.com\/esmentira\/bulos-y-cadenas-de-internet-para-que-sirven\/#primaryimage\"},\"image\":{\"@id\":\"https:\/\/pvgrkdwu.a2hosted.com\/esmentira\/bulos-y-cadenas-de-internet-para-que-sirven\/#primaryimage\"},\"thumbnailUrl\":\"https:\/\/pvgrkdwu.a2hosted.com\/esmentira\/wp-content\/uploads\/2013\/09\/IMG_0464-billetes-de-27-euros-small-square.jpg\",\"datePublished\":\"2013-09-18T13:24:09+00:00\",\"dateModified\":\"2019-12-30T12:15:31+00:00\",\"description\":\"Bulos y cadenas de Internet \u00bfPara qu\u00e9 sirven? Hay quien se beneficia directamente de estas cadenas de spam y no tienen motivaciones altruistas.\",\"inLanguage\":\"en-US\",\"potentialAction\":[{\"@type\":\"ReadAction\",\"target\":[\"https:\/\/pvgrkdwu.a2hosted.com\/esmentira\/bulos-y-cadenas-de-internet-para-que-sirven\/\"]}]},{\"@type\":\"ImageObject\",\"inLanguage\":\"en-US\",\"@id\":\"https:\/\/pvgrkdwu.a2hosted.com\/esmentira\/bulos-y-cadenas-de-internet-para-que-sirven\/#primaryimage\",\"url\":\"https:\/\/pvgrkdwu.a2hosted.com\/esmentira\/wp-content\/uploads\/2013\/09\/IMG_0464-billetes-de-27-euros-small-square.jpg\",\"contentUrl\":\"https:\/\/pvgrkdwu.a2hosted.com\/esmentira\/wp-content\/uploads\/2013\/09\/IMG_0464-billetes-de-27-euros-small-square.jpg\",\"width\":752,\"height\":752,\"caption\":\"Billetes de 27 euros\"},{\"@type\":\"WebSite\",\"@id\":\"https:\/\/pvgrkdwu.a2hosted.com\/esmentira\/#website\",\"url\":\"https:\/\/pvgrkdwu.a2hosted.com\/esmentira\/\",\"name\":\"Es mentira\",\"description\":\"Desmintiendo bulos y rumores\",\"potentialAction\":[{\"@type\":\"SearchAction\",\"target\":{\"@type\":\"EntryPoint\",\"urlTemplate\":\"https:\/\/pvgrkdwu.a2hosted.com\/esmentira\/?s={search_term_string}\"},\"query-input\":{\"@type\":\"PropertyValueSpecification\",\"valueRequired\":true,\"valueName\":\"search_term_string\"}}],\"inLanguage\":\"en-US\"}]}<\/script>\n<!-- \/ Yoast SEO plugin. -->","yoast_head_json":{"title":"Bulos y cadenas de Internet \u00bfPara qu\u00e9 sirven? Esmentira.com","description":"Bulos y cadenas de Internet \u00bfPara qu\u00e9 sirven? Hay quien se beneficia directamente de estas cadenas de spam y no tienen motivaciones altruistas.","robots":{"index":"index","follow":"follow","max-snippet":"max-snippet:-1","max-image-preview":"max-image-preview:large","max-video-preview":"max-video-preview:-1"},"canonical":"https:\/\/pvgrkdwu.a2hosted.com\/esmentira\/bulos-y-cadenas-de-internet-para-que-sirven\/","og_locale":"en_US","og_type":"article","og_title":"Bulos y cadenas de Internet \u00bfPara qu\u00e9 sirven? Esmentira.com","og_description":"Bulos y cadenas de Internet \u00bfPara qu\u00e9 sirven? Hay quien se beneficia directamente de estas cadenas de spam y no tienen motivaciones altruistas.","og_url":"https:\/\/pvgrkdwu.a2hosted.com\/esmentira\/bulos-y-cadenas-de-internet-para-que-sirven\/","og_site_name":"Es mentira","article_publisher":"https:\/\/www.facebook.com\/JalalalaUniberzitate\/","article_modified_time":"2019-12-30T12:15:31+00:00","og_image":[{"width":752,"height":752,"url":"https:\/\/pvgrkdwu.a2hosted.com\/esmentira\/wp-content\/uploads\/2013\/09\/IMG_0464-billetes-de-27-euros-small-square.jpg","type":"image\/jpeg"}],"twitter_misc":{"Est. reading time":"5 minutes"},"schema":{"@context":"https:\/\/schema.org","@graph":[{"@type":"WebPage","@id":"https:\/\/pvgrkdwu.a2hosted.com\/esmentira\/bulos-y-cadenas-de-internet-para-que-sirven\/","url":"https:\/\/pvgrkdwu.a2hosted.com\/esmentira\/bulos-y-cadenas-de-internet-para-que-sirven\/","name":"Bulos y cadenas de Internet \u00bfPara qu\u00e9 sirven? Esmentira.com","isPartOf":{"@id":"https:\/\/pvgrkdwu.a2hosted.com\/esmentira\/#website"},"primaryImageOfPage":{"@id":"https:\/\/pvgrkdwu.a2hosted.com\/esmentira\/bulos-y-cadenas-de-internet-para-que-sirven\/#primaryimage"},"image":{"@id":"https:\/\/pvgrkdwu.a2hosted.com\/esmentira\/bulos-y-cadenas-de-internet-para-que-sirven\/#primaryimage"},"thumbnailUrl":"https:\/\/pvgrkdwu.a2hosted.com\/esmentira\/wp-content\/uploads\/2013\/09\/IMG_0464-billetes-de-27-euros-small-square.jpg","datePublished":"2013-09-18T13:24:09+00:00","dateModified":"2019-12-30T12:15:31+00:00","description":"Bulos y cadenas de Internet \u00bfPara qu\u00e9 sirven? Hay quien se beneficia directamente de estas cadenas de spam y no tienen motivaciones altruistas.","inLanguage":"en-US","potentialAction":[{"@type":"ReadAction","target":["https:\/\/pvgrkdwu.a2hosted.com\/esmentira\/bulos-y-cadenas-de-internet-para-que-sirven\/"]}]},{"@type":"ImageObject","inLanguage":"en-US","@id":"https:\/\/pvgrkdwu.a2hosted.com\/esmentira\/bulos-y-cadenas-de-internet-para-que-sirven\/#primaryimage","url":"https:\/\/pvgrkdwu.a2hosted.com\/esmentira\/wp-content\/uploads\/2013\/09\/IMG_0464-billetes-de-27-euros-small-square.jpg","contentUrl":"https:\/\/pvgrkdwu.a2hosted.com\/esmentira\/wp-content\/uploads\/2013\/09\/IMG_0464-billetes-de-27-euros-small-square.jpg","width":752,"height":752,"caption":"Billetes de 27 euros"},{"@type":"WebSite","@id":"https:\/\/pvgrkdwu.a2hosted.com\/esmentira\/#website","url":"https:\/\/pvgrkdwu.a2hosted.com\/esmentira\/","name":"Es mentira","description":"Desmintiendo bulos y rumores","potentialAction":[{"@type":"SearchAction","target":{"@type":"EntryPoint","urlTemplate":"https:\/\/pvgrkdwu.a2hosted.com\/esmentira\/?s={search_term_string}"},"query-input":{"@type":"PropertyValueSpecification","valueRequired":true,"valueName":"search_term_string"}}],"inLanguage":"en-US"}]}},"_links":{"self":[{"href":"https:\/\/pvgrkdwu.a2hosted.com\/esmentira\/wp-json\/wp\/v2\/pages\/218","targetHints":{"allow":["GET"]}}],"collection":[{"href":"https:\/\/pvgrkdwu.a2hosted.com\/esmentira\/wp-json\/wp\/v2\/pages"}],"about":[{"href":"https:\/\/pvgrkdwu.a2hosted.com\/esmentira\/wp-json\/wp\/v2\/types\/page"}],"author":[{"embeddable":true,"href":"https:\/\/pvgrkdwu.a2hosted.com\/esmentira\/wp-json\/wp\/v2\/users\/1"}],"replies":[{"embeddable":true,"href":"https:\/\/pvgrkdwu.a2hosted.com\/esmentira\/wp-json\/wp\/v2\/comments?post=218"}],"version-history":[{"count":14,"href":"https:\/\/pvgrkdwu.a2hosted.com\/esmentira\/wp-json\/wp\/v2\/pages\/218\/revisions"}],"predecessor-version":[{"id":1048,"href":"https:\/\/pvgrkdwu.a2hosted.com\/esmentira\/wp-json\/wp\/v2\/pages\/218\/revisions\/1048"}],"wp:featuredmedia":[{"embeddable":true,"href":"https:\/\/pvgrkdwu.a2hosted.com\/esmentira\/wp-json\/wp\/v2\/media\/228"}],"wp:attachment":[{"href":"https:\/\/pvgrkdwu.a2hosted.com\/esmentira\/wp-json\/wp\/v2\/media?parent=218"}],"curies":[{"name":"wp","href":"https:\/\/api.w.org\/{rel}","templated":true}]}}