{"id":2,"date":"2013-02-22T12:52:35","date_gmt":"2013-02-22T12:52:35","guid":{"rendered":"http:\/\/www.archerphoto.eu\/esmentira\/?page_id=2"},"modified":"2017-04-21T17:41:08","modified_gmt":"2017-04-21T17:41:08","slug":"sample-page","status":"publish","type":"page","link":"https:\/\/pvgrkdwu.a2hosted.com\/esmentira\/sample-page\/","title":{"rendered":"Presentaci\u00f3n"},"content":{"rendered":"<p>Me llamo Sergi Albir. Llevo en Internet muchos a\u00f1os. Puedo decir que conozco al que la invent\u00f3. Y adem\u00e1s, vaya, lo puedo decir de verdad porque incluso consegu\u00ed tener una entrevista con Sir Tim Berners-Lee.<\/p>\n<p>La cuesti\u00f3n es que muy frecuentemente encuentro leyendas urbanas, bulos, falsedades, mentiras e inexactitudes y las desmiento en Facebook. Pero eso solamente lo sufren unos pocos amigos. As\u00ed que, bueno, he hecho una aportaci\u00f3n salvaje de capital y me he comprado un dominio que parece adecuado para explicar estas cosas.<\/p>\n<p>Ir\u00e9 buscando casos antiguos y casos nuevos que vayan saliendo. Algunas veces os decepcionar\u00e9is de haber ca\u00eddo y otras no. En ocasiones yo habr\u00e9 descubierto algo nuevo y en otras har\u00e9 un resumen (y procurar\u00e9 citar la fuente) de informaci\u00f3n que haya realizado una investigaci\u00f3n suficiente.<\/p>\n<p>Espero que el trabajo resulte \u00fatil para la gente que quiera comprobar de vez en cuando si alg\u00fan mensaje que ven que resulta llamativo (por muy bueno o por muy malo).<\/p>\n<p>Gracias por la atenci\u00f3n prestada.<\/p>\n<p>Este blog est\u00e1 patrocinado por\u00a0<a title=\"http:\/\/Archerphoto.eu\" href=\"https:\/\/Archerphoto.eu\" target=\"_blank\" rel=\"noopener noreferrer\">https:\/\/Archerphoto.eu<\/a>\u00a0.<\/p>\n<p>Claro, soy fot\u00f3grafo y como casi todos los d\u00edas, as\u00ed que intentar\u00e9 que me visit\u00e9is de vez en cuando.<\/p>\n<p>Algunos links de otras de mis webs son <a href=\"http:\/\/www.fotografoprofesional.com.es\" target=\"_blank\" rel=\"noopener noreferrer\">http:\/\/www.fotografoprofesional.com.es<\/a>, <a href=\"http:\/\/Archerphoto.net\" target=\"_blank\" rel=\"noopener noreferrer\">http:\/\/Archerphoto.net<\/a>,\u00a0<a href=\"https:\/\/fotografoprofesionalmadrid.wordpress.com\/\" target=\"_blank\" rel=\"noopener noreferrer\">https:\/\/fotografoprofesionalmadrid.wordpress.com\/<\/a><\/p>\n","protected":false},"excerpt":{"rendered":"<p>Me llamo Sergi Albir. Llevo en Internet muchos a\u00f1os. Puedo decir que conozco al que la invent\u00f3. Y adem\u00e1s, vaya, lo puedo decir de verdad porque incluso consegu\u00ed tener una entrevista con Sir Tim Berners-Lee. La cuesti\u00f3n es que muy frecuentemente encuentro leyendas urbanas, bulos, falsedades, mentiras e inexactitudes y las desmiento en Facebook. Pero &hellip; <\/p>\n<p class=\"link-more\"><a href=\"https:\/\/pvgrkdwu.a2hosted.com\/esmentira\/sample-page\/\" class=\"more-link\">Continue reading<span class=\"screen-reader-text\"> &#8220;Presentaci\u00f3n&#8221;<\/span><\/a><\/p>\n","protected":false},"author":1,"featured_media":0,"parent":0,"menu_order":0,"comment_status":"open","ping_status":"open","template":"","meta":{"footnotes":""},"class_list":["post-2","page","type-page","status-publish","hentry"],"yoast_head":"<!-- This site is optimized with the Yoast SEO plugin v24.3 - https:\/\/yoast.com\/wordpress\/plugins\/seo\/ -->\n<title>Presentaci\u00f3n - Es mentira<\/title>\n<meta name=\"robots\" content=\"index, follow, max-snippet:-1, max-image-preview:large, max-video-preview:-1\" \/>\n<link rel=\"canonical\" href=\"https:\/\/pvgrkdwu.a2hosted.com\/esmentira\/sample-page\/\" \/>\n<meta property=\"og:locale\" content=\"en_US\" \/>\n<meta property=\"og:type\" content=\"article\" \/>\n<meta property=\"og:title\" content=\"Presentaci\u00f3n - Es mentira\" \/>\n<meta property=\"og:description\" content=\"Me llamo Sergi Albir. Llevo en Internet muchos a\u00f1os. Puedo decir que conozco al que la invent\u00f3. Y adem\u00e1s, vaya, lo puedo decir de verdad porque incluso consegu\u00ed tener una entrevista con Sir Tim Berners-Lee. La cuesti\u00f3n es que muy frecuentemente encuentro leyendas urbanas, bulos, falsedades, mentiras e inexactitudes y las desmiento en Facebook. Pero &hellip; Continue reading &quot;Presentaci\u00f3n&quot;\" \/>\n<meta property=\"og:url\" content=\"https:\/\/pvgrkdwu.a2hosted.com\/esmentira\/sample-page\/\" \/>\n<meta property=\"og:site_name\" content=\"Es mentira\" \/>\n<meta property=\"article:publisher\" content=\"https:\/\/www.facebook.com\/JalalalaUniberzitate\/\" \/>\n<meta property=\"article:modified_time\" content=\"2017-04-21T17:41:08+00:00\" \/>\n<meta name=\"twitter:label1\" content=\"Est. reading time\" \/>\n\t<meta name=\"twitter:data1\" content=\"1 minute\" \/>\n<script type=\"application\/ld+json\" class=\"yoast-schema-graph\">{\"@context\":\"https:\/\/schema.org\",\"@graph\":[{\"@type\":\"WebPage\",\"@id\":\"https:\/\/pvgrkdwu.a2hosted.com\/esmentira\/sample-page\/\",\"url\":\"https:\/\/pvgrkdwu.a2hosted.com\/esmentira\/sample-page\/\",\"name\":\"Presentaci\u00f3n - Es mentira\",\"isPartOf\":{\"@id\":\"https:\/\/pvgrkdwu.a2hosted.com\/esmentira\/#website\"},\"datePublished\":\"2013-02-22T12:52:35+00:00\",\"dateModified\":\"2017-04-21T17:41:08+00:00\",\"inLanguage\":\"en-US\",\"potentialAction\":[{\"@type\":\"ReadAction\",\"target\":[\"https:\/\/pvgrkdwu.a2hosted.com\/esmentira\/sample-page\/\"]}]},{\"@type\":\"WebSite\",\"@id\":\"https:\/\/pvgrkdwu.a2hosted.com\/esmentira\/#website\",\"url\":\"https:\/\/pvgrkdwu.a2hosted.com\/esmentira\/\",\"name\":\"Es mentira\",\"description\":\"Desmintiendo bulos y rumores\",\"potentialAction\":[{\"@type\":\"SearchAction\",\"target\":{\"@type\":\"EntryPoint\",\"urlTemplate\":\"https:\/\/pvgrkdwu.a2hosted.com\/esmentira\/?s={search_term_string}\"},\"query-input\":{\"@type\":\"PropertyValueSpecification\",\"valueRequired\":true,\"valueName\":\"search_term_string\"}}],\"inLanguage\":\"en-US\"}]}<\/script>\n<!-- \/ Yoast SEO plugin. -->","yoast_head_json":{"title":"Presentaci\u00f3n - Es mentira","robots":{"index":"index","follow":"follow","max-snippet":"max-snippet:-1","max-image-preview":"max-image-preview:large","max-video-preview":"max-video-preview:-1"},"canonical":"https:\/\/pvgrkdwu.a2hosted.com\/esmentira\/sample-page\/","og_locale":"en_US","og_type":"article","og_title":"Presentaci\u00f3n - Es mentira","og_description":"Me llamo Sergi Albir. Llevo en Internet muchos a\u00f1os. Puedo decir que conozco al que la invent\u00f3. Y adem\u00e1s, vaya, lo puedo decir de verdad porque incluso consegu\u00ed tener una entrevista con Sir Tim Berners-Lee. La cuesti\u00f3n es que muy frecuentemente encuentro leyendas urbanas, bulos, falsedades, mentiras e inexactitudes y las desmiento en Facebook. Pero &hellip; Continue reading \"Presentaci\u00f3n\"","og_url":"https:\/\/pvgrkdwu.a2hosted.com\/esmentira\/sample-page\/","og_site_name":"Es mentira","article_publisher":"https:\/\/www.facebook.com\/JalalalaUniberzitate\/","article_modified_time":"2017-04-21T17:41:08+00:00","twitter_misc":{"Est. reading time":"1 minute"},"schema":{"@context":"https:\/\/schema.org","@graph":[{"@type":"WebPage","@id":"https:\/\/pvgrkdwu.a2hosted.com\/esmentira\/sample-page\/","url":"https:\/\/pvgrkdwu.a2hosted.com\/esmentira\/sample-page\/","name":"Presentaci\u00f3n - Es mentira","isPartOf":{"@id":"https:\/\/pvgrkdwu.a2hosted.com\/esmentira\/#website"},"datePublished":"2013-02-22T12:52:35+00:00","dateModified":"2017-04-21T17:41:08+00:00","inLanguage":"en-US","potentialAction":[{"@type":"ReadAction","target":["https:\/\/pvgrkdwu.a2hosted.com\/esmentira\/sample-page\/"]}]},{"@type":"WebSite","@id":"https:\/\/pvgrkdwu.a2hosted.com\/esmentira\/#website","url":"https:\/\/pvgrkdwu.a2hosted.com\/esmentira\/","name":"Es mentira","description":"Desmintiendo bulos y rumores","potentialAction":[{"@type":"SearchAction","target":{"@type":"EntryPoint","urlTemplate":"https:\/\/pvgrkdwu.a2hosted.com\/esmentira\/?s={search_term_string}"},"query-input":{"@type":"PropertyValueSpecification","valueRequired":true,"valueName":"search_term_string"}}],"inLanguage":"en-US"}]}},"_links":{"self":[{"href":"https:\/\/pvgrkdwu.a2hosted.com\/esmentira\/wp-json\/wp\/v2\/pages\/2","targetHints":{"allow":["GET"]}}],"collection":[{"href":"https:\/\/pvgrkdwu.a2hosted.com\/esmentira\/wp-json\/wp\/v2\/pages"}],"about":[{"href":"https:\/\/pvgrkdwu.a2hosted.com\/esmentira\/wp-json\/wp\/v2\/types\/page"}],"author":[{"embeddable":true,"href":"https:\/\/pvgrkdwu.a2hosted.com\/esmentira\/wp-json\/wp\/v2\/users\/1"}],"replies":[{"embeddable":true,"href":"https:\/\/pvgrkdwu.a2hosted.com\/esmentira\/wp-json\/wp\/v2\/comments?post=2"}],"version-history":[{"count":3,"href":"https:\/\/pvgrkdwu.a2hosted.com\/esmentira\/wp-json\/wp\/v2\/pages\/2\/revisions"}],"predecessor-version":[{"id":870,"href":"https:\/\/pvgrkdwu.a2hosted.com\/esmentira\/wp-json\/wp\/v2\/pages\/2\/revisions\/870"}],"wp:attachment":[{"href":"https:\/\/pvgrkdwu.a2hosted.com\/esmentira\/wp-json\/wp\/v2\/media?parent=2"}],"curies":[{"name":"wp","href":"https:\/\/api.w.org\/{rel}","templated":true}]}}