{"id":1123,"date":"2017-10-30T11:30:47","date_gmt":"2017-10-30T11:30:47","guid":{"rendered":"http:\/\/www.archerphoto.com\/?page_id=1123"},"modified":"2024-07-21T19:32:04","modified_gmt":"2024-07-21T19:32:04","slug":"propos-de-archerphoto-photographe-professionnel-en-espagne","status":"publish","type":"page","link":"https:\/\/pvgrkdwu.a2hosted.com\/archerphotopuntocom\/propos-de-archerphoto-photographe-professionnel-en-espagne\/","title":{"rendered":"\u00c0 propos de Archerphoto, photographe professionnel en Espagne"},"content":{"rendered":"<p>Bien que\u00a0\u00a0je tendance \u00e0 parler au pluriel, Archerphoto est fondamentalement Sergi Albir.<\/p>\n<p>Cependant, le travail d&#8217;\u00e9quipe est souvent la fa\u00e7on dont les r\u00e9sultats sont atteints. La plupart du temps le maquillage, la coiffure, aide \u00e0 la cr\u00e9ation, assistants d&#8217;\u00e9clairage, l&#8217;\u00e9quipage ou de l&#8217;\u00e9dition sonores personnes peuvent collaborer pour les r\u00e9sultats. Sergi Albir est le PDG de Jalalala SL et dirige toutes ces t\u00e2ches, mais il est pas le seul qui travaille.<br \/>\nSergi a \u00e9t\u00e9 un photographe pendant quelques ann\u00e9es. Il est aussi un journaliste, \u00e9conomiste et il a, \u00e9galement, exp\u00e9rience de la radio et d&#8217;autres m\u00e9dias. Il est n\u00e9 \u00e0 Valence, en Espagne et il travaille la plupart du temps l\u00e0-bas.<br \/>\nIl d\u00e9teste parler de lui-m\u00eame \u00e0 la troisi\u00e8me personne, mais il est &#8220;un tel style de l&#8217;entreprise&#8221; qui r\u00e9sulte lui in\u00e9vitable. Si vous voulez garder le sourire, lui parler de Joss Whedon,<\/p>\n<h3>\u00c0 propos de Archerphoto, photographe professionnel en Espagne<\/h3>\n<p>&nbsp;<\/p>\n<p style=\"text-align: justify;\"><a href=\"https:\/\/pvgrkdwu.a2hosted.com\/archerphotopuntocom\/professional-photographer-in-spain\/img_7646-smallzzz\/\" rel=\"attachment wp-att-751\"><img loading=\"lazy\" decoding=\"async\" class=\"size-large wp-image-751 aligncenter\" src=\"https:\/\/pvgrkdwu.a2hosted.com\/archerphotopuntocom\/wp-content\/uploads\/2014\/10\/IMG_7646-smallzzz-1024x683.jpg\" alt=\"Professional photographer in Valencia, Spain\" width=\"980\" height=\"654\" srcset=\"https:\/\/pvgrkdwu.a2hosted.com\/archerphotopuntocom\/wp-content\/uploads\/2014\/10\/IMG_7646-smallzzz-1024x683.jpg 1024w, https:\/\/pvgrkdwu.a2hosted.com\/archerphotopuntocom\/wp-content\/uploads\/2014\/10\/IMG_7646-smallzzz-320x213.jpg 320w, https:\/\/pvgrkdwu.a2hosted.com\/archerphotopuntocom\/wp-content\/uploads\/2014\/10\/IMG_7646-smallzzz-690x460.jpg 690w, https:\/\/pvgrkdwu.a2hosted.com\/archerphotopuntocom\/wp-content\/uploads\/2014\/10\/IMG_7646-smallzzz-980x653.jpg 980w, https:\/\/pvgrkdwu.a2hosted.com\/archerphotopuntocom\/wp-content\/uploads\/2014\/10\/IMG_7646-smallzzz.jpg 1200w\" sizes=\"auto, (max-width: 767px) 89vw, (max-width: 1000px) 54vw, (max-width: 1071px) 543px, 580px\" \/><\/a><br \/>\n<strong>Projets<\/strong><br \/>\nJe pense toujours \u00e0 l&#8217;avant est parfois un court-m\u00e9trage, un script de radio ou de nouvelles photos, mais je ne peux pas \u00eatre arr\u00eat\u00e9. Ma page facebook, il est la meilleure fa\u00e7on de me suivre, mais je vous recommande de v\u00e9rifier tous les lieux si vous voulez avoir une perspective large. Par exemple, dans mon Tumblr je peux montrer quelques photos que je peux tout simplement pas disponibles pour tout le monde dans Flickr ou Facebook, tant qu&#8217;ils peuvent \u00eatre trop restrictive avec des corps humains nus.<br \/>\nQuelques liens<\/p>\n<p style=\"text-align: justify;\"><strong>Saviez-Vous<\/strong><strong>\u00a0?<\/strong><br \/>\nSergi Albir est \u00e9galement \u00e9conomiste et a \u00e9t\u00e9 publier des articles dans la presse depuis 15 ans.<br \/>\nIl a \u00e9t\u00e9 dans des \u00e9missions de radio et de t\u00e9l\u00e9vision. Maintenant, il est l&#8217;\u00e9criture de scripts, des articles et des mat\u00e9riaux pour la production de Jalalala et d&#8217;autres soci\u00e9t\u00e9s. Il a \u00e9t\u00e9 m\u00eame un acteur dans quelques courts m\u00e9trages, et il a travaill\u00e9 dans beaucoup d&#8217;endroits diff\u00e9rents: \u00e0 partir de groom pour responsable marketing ou maritime officier des op\u00e9rations.<\/p>\n<h3>Photographe professionnel en Espagne<\/h3>\n<p><strong>Les photographes professionnels et attentionn\u00e9.<\/strong><br \/>\nBonne apparence personnelle. Photographes internationaux de r\u00e9union d&#8217;affaires.<br \/>\nLangues: anglais, fran\u00e7ais (un peu), espagnol, catalan. Comp\u00e9tences de communication.<br \/>\n<strong>Fiable<\/strong><br \/>\nLa ponctualit\u00e9 est importante pour vous, et il est \u00e9galement pour nous. Nous sommes l\u00e0 dans le d\u00e9sir\u00e9<br \/>\nSon temps et pour la dur\u00e9e que vous avez besoin.<br \/>\n<strong>Discr\u00e9tion et confidentialit\u00e9<\/strong><br \/>\nNous allons obtenir vos informations et nous pouvons m\u00eame avoir une confidentialit\u00e9 \u00e9crit<br \/>\naccord pr\u00e9voie.<br \/>\n<strong>State-of-the-art de mat\u00e9riel photographique<\/strong><br \/>\n\u00c9quipement photographique professionnel et de haute qualit\u00e9. Toujours de bons r\u00e9sultats. Si tu<br \/>\nbesoin de quelque chose de sp\u00e9cial, s&#8217;il vous pla\u00eet demander.<br \/>\n<strong>Fast Ship<\/strong><br \/>\nNous livrons dans les plus brefs d\u00e9lais, si n\u00e9cessaire. Nous avons travaill\u00e9 dans la presse quotidienne, de sorte\u00a0nous pouvons comprendre que le temps est crucial.<\/p>\n<figure id=\"attachment_91\" aria-describedby=\"caption-attachment-91\" style=\"width: 980px\" class=\"wp-caption aligncenter\"><a href=\"https:\/\/pvgrkdwu.a2hosted.com\/archerphotopuntocom\/about-archerphoto\/img_4153-cropped-corrected-smallzzz\/\" rel=\"attachment wp-att-91\"><img loading=\"lazy\" decoding=\"async\" class=\"wp-image-91 size-large\" src=\"https:\/\/pvgrkdwu.a2hosted.com\/archerphotopuntocom\/wp-content\/uploads\/2013\/02\/IMG_4153-cropped-corrected-smallzzz-1024x363.jpg\" alt=\"Kontakt - \u00dcber Archerphoto\" width=\"980\" height=\"347\" srcset=\"https:\/\/pvgrkdwu.a2hosted.com\/archerphotopuntocom\/wp-content\/uploads\/2013\/02\/IMG_4153-cropped-corrected-smallzzz-1024x363.jpg 1024w, https:\/\/pvgrkdwu.a2hosted.com\/archerphotopuntocom\/wp-content\/uploads\/2013\/02\/IMG_4153-cropped-corrected-smallzzz-320x113.jpg 320w, https:\/\/pvgrkdwu.a2hosted.com\/archerphotopuntocom\/wp-content\/uploads\/2013\/02\/IMG_4153-cropped-corrected-smallzzz-690x244.jpg 690w, https:\/\/pvgrkdwu.a2hosted.com\/archerphotopuntocom\/wp-content\/uploads\/2013\/02\/IMG_4153-cropped-corrected-smallzzz-980x347.jpg 980w, https:\/\/pvgrkdwu.a2hosted.com\/archerphotopuntocom\/wp-content\/uploads\/2013\/02\/IMG_4153-cropped-corrected-smallzzz.jpg 1200w\" sizes=\"auto, (max-width: 767px) 89vw, (max-width: 1000px) 54vw, (max-width: 1071px) 543px, 580px\" \/><\/a><figcaption id=\"caption-attachment-91\" class=\"wp-caption-text\">Archerphoto, Profi-Fotograf in Valencia (Spanien) und Europa<\/figcaption><\/figure>\n<h2>Travaux r\u00e9alis\u00e9s<\/h2>\n<p><a title=\"Diario El Pa\u00eds\" href=\"https:\/\/translate.googleusercontent.com\/translate_c?depth=1&amp;hl=en&amp;rurl=translate.google.com&amp;sl=de&amp;tl=fr&amp;u=http:\/\/www.elpais.com\/&amp;usg=ALkJrhj1gLwej4h5JawRDmHx5E8jcG8Eug\" target=\"_blank\" rel=\"noopener noreferrer\"><strong>El Pa\u00eds<\/strong><\/a> (texte et images)<\/p>\n<p><a title=\"Radio Marca\" href=\"https:\/\/translate.googleusercontent.com\/translate_c?depth=1&amp;hl=en&amp;rurl=translate.google.com&amp;sl=de&amp;tl=fr&amp;u=http:\/\/www.marca.com\/multimedia\/radiomarca\/index.html&amp;usg=ALkJrhiK7iouVQI-HRRL6aGGOL4_huUKbQ\" target=\"_blank\" rel=\"nofollow noopener noreferrer\"><strong>Radio Marca<\/strong><\/a> (La Hora del Jalalala, \u00e9mission de radio en direct)<\/p>\n<p><a title=\"Fundaci\u00f3n Intra\" href=\"https:\/\/translate.googleusercontent.com\/translate_c?depth=1&amp;hl=en&amp;rurl=translate.google.com&amp;sl=de&amp;tl=fr&amp;u=http:\/\/www.fundacionintra.es\/&amp;usg=ALkJrhigVCdgnjE-tOVGoKw9CZ7pnQXZBQ\" target=\"_blank\" rel=\"noopener noreferrer\"><strong>Fundaci\u00f3n Intra<\/strong><\/a> (d&#8217;image de l&#8217;entreprise, les r\u00e9seaux sociaux et le Web. Container Design)<\/p>\n<p><a href=\"https:\/\/translate.googleusercontent.com\/translate_c?depth=1&amp;hl=en&amp;rurl=translate.google.com&amp;sl=de&amp;tl=fr&amp;u=http:\/\/www.metrovalencia.es\/&amp;usg=ALkJrhjZEPCqjk7Jqg1EH54dBA6UdBnYQA\" rel=\"nofollow\"><strong>Metro Valencia<\/strong><\/a> (photos et vid\u00e9os)<\/p>\n<p><a href=\"http:\/\/www.valenciacf.com\/ver\/59017\/.html\" target=\"_blank\" rel=\"noopener noreferrer\"><strong>Valencia CF eSports<\/strong><\/a> (<a href=\"https:\/\/www.archerphoto.eu\/dreamhack-valencia-2016\/\" target=\"_blank\" rel=\"noopener noreferrer\">photos <\/a>et <a href=\"https:\/\/www.youtube.com\/watch?v=rUlSPDkhphA\" target=\"_blank\" rel=\"noopener noreferrer\">vid\u00e9os<\/a>)<\/p>\n<p><strong>Skoda<\/strong> (photos et vid\u00e9os de la Conf\u00e9rence mondiale des concessionnaires 2014)<\/p>\n<p><a title=\"Mlle Sushi\" href=\"https:\/\/translate.googleusercontent.com\/translate_c?depth=1&amp;hl=en&amp;rurl=translate.google.com&amp;sl=de&amp;tl=fr&amp;u=http:\/\/www.misssushi.es\/&amp;usg=ALkJrhh9RanPDedhEVf-HfZ9raAfeKFd1A\" target=\"_blank\" rel=\"nofollow noopener noreferrer\"><strong>Mlle Sushi<\/strong><\/a> (Photographie)<\/p>\n<p><a title=\"Caritas Dioc\u00e9saine de Valencia\" href=\"https:\/\/translate.googleusercontent.com\/translate_c?depth=1&amp;hl=en&amp;rurl=translate.google.com&amp;sl=de&amp;tl=fr&amp;u=http:\/\/www.caritasvalencia.org\/&amp;usg=ALkJrhjjMEsi0eCk13GQhUkrdTdNtD37tA\" target=\"_blank\" rel=\"noopener noreferrer\"><strong>Caritas<\/strong><\/a> (Campagne pour l&#8217;emploi 2010 2011,2012, Photo, Vid\u00e9o, Graphisme.)<\/p>\n<p><a title=\"Asociaci\u00f3n Valenciana de Empresas de Inserci\u00f3n\" href=\"https:\/\/translate.googleusercontent.com\/translate_c?depth=1&amp;hl=en&amp;rurl=translate.google.com&amp;sl=de&amp;tl=fr&amp;u=http:\/\/www.aveiweb.org\/&amp;usg=ALkJrhhYohD7oGduatVm2H88xfVpPnFgGg\" target=\"_blank\" rel=\"nofollow noopener noreferrer\"><strong>Asociaci\u00f3n Valenciana de Empresas de Inserci\u00f3n<\/strong><\/a> (Web et photos) <strong>AVEI<\/strong><\/p>\n<p><a title=\"http:\/\/www.portet-team.com\/\" href=\"https:\/\/translate.googleusercontent.com\/translate_c?depth=1&amp;hl=en&amp;rurl=translate.google.com&amp;sl=de&amp;tl=fr&amp;u=http:\/\/www.portet-team.com\/&amp;usg=ALkJrhgZNbYuGCYQBtA6KO_JdoZbipkBaw\" target=\"_blank\" rel=\"nofollow noopener noreferrer\"><strong>Julio Portet<\/strong><\/a> (photos et vid\u00e9os)<\/p>\n<p><strong>Asociaci\u00f3n Espa\u00f1ola de Fisicoculturismo y Fitness<\/strong> (Photographie)<\/p>\n<p><strong>WABBA Espagne<\/strong> (Photographie)<\/p>\n<p><strong>Colegio de Ingenieros de Caminos, Canales y Puertos de Valencia<\/strong> (Photographie)<\/p>\n<p><strong>Yamaha Espa\u00f1a<\/strong> (Photographie)<\/p>\n<p><strong>Ev\u00e9nements Eclipse<\/strong> (photos et vid\u00e9os)<\/p>\n<p><strong>Movistar<\/strong> (Musical Los 40 Principales, Photographie)<\/p>\n<p><strong>Industria T\u00e9cnica Valenciana<\/strong> (Photographie)<\/p>\n<p><strong>Federaci\u00f3n de F\u00fatbol Valenciana<\/strong> (Vid\u00e9os)<\/p>\n<p><strong>El Agente Naranja<\/strong> (clip)<\/p>\n<p><strong>Marian Cabeza<\/strong> (photos et vid\u00e9os)<\/p>\n<p><strong>Fotoatrezzo<\/strong> (photographie magazines et directeur)<\/p>\n<p><strong>Escola Valenciana<\/strong> (Photographie Nit d&#8217;Escola Valenciana et B\u00e9n\u00e9voles pel Valencia)<\/p>\n<p><strong>La Mafia Blues Band<\/strong> (Photographie)<\/p>\n<p><strong>Sanford Alligator Band<\/strong> (Photographie)<\/p>\n<p><strong>Three4Soul<\/strong> (Photographie)<\/p>\n<p><strong>GAM<\/strong> (Photographie)<\/p>\n<p><strong>Sebasti\u00e1n Crudeli<\/strong> (Photographie)<\/p>\n<ul>\n<li><a title=\"https:\/\/pvgrkdwu.a2hosted.com\/archerphotopuntocom\" href=\"https:\/\/translate.googleusercontent.com\/translate_c?depth=1&amp;hl=en&amp;rurl=translate.google.com&amp;sl=de&amp;tl=fr&amp;u=https:\/\/pvgrkdwu.a2hosted.com\/archerphotopuntocom\/&amp;usg=ALkJrhg7w0xrCHWEHNzH4kFcI2Ydop46WQ\" target=\"_blank\" rel=\"noopener noreferrer\"><strong>Archer photo en anglais<\/strong><\/a><\/li>\n<li><a title=\"http:\/\/Archerphoto.eu\" href=\"https:\/\/translate.googleusercontent.com\/translate_c?depth=1&amp;hl=en&amp;rurl=translate.google.com&amp;sl=de&amp;tl=fr&amp;u=http:\/\/archerphoto.eu\/&amp;usg=ALkJrhifAPm15AMOx68JZaqLpDtP7f-XBw\" target=\"_blank\" rel=\"noopener noreferrer\"><strong>Archer photo en espagnol<\/strong><\/a><\/li>\n<li><a title=\"http:\/\/www.jalalala.com\" href=\"https:\/\/translate.googleusercontent.com\/translate_c?depth=1&amp;hl=en&amp;rurl=translate.google.com&amp;sl=de&amp;tl=fr&amp;u=http:\/\/www.jalalala.com\/&amp;usg=ALkJrhgB9Sfo1yV8MP5Y4oUutE91kyLCXQ\" target=\"_blank\" rel=\"noopener noreferrer\"><strong>Jalalala Espagnol web<\/strong><\/a><\/li>\n<li><a title=\"http:\/\/www.flickr.com\/photos\/archerphoto\/\" href=\"https:\/\/translate.googleusercontent.com\/translate_c?depth=1&amp;hl=en&amp;rurl=translate.google.com&amp;sl=de&amp;tl=fr&amp;u=http:\/\/www.flickr.com\/photos\/archerphoto\/&amp;usg=ALkJrhiI2Kjs-YMXaBZ2RXd7YVq_zhol1g\" target=\"_blank\" rel=\"noopener noreferrer\"><strong>Archer photos dans Flickr<\/strong><\/a><\/li>\n<li><a title=\"http:\/\/archerphoto.tumblr.com\/\" href=\"https:\/\/translate.googleusercontent.com\/translate_c?depth=1&amp;hl=en&amp;rurl=translate.google.com&amp;sl=de&amp;tl=fr&amp;u=http:\/\/archerphoto.tumblr.com\/&amp;usg=ALkJrhj69PnKluQYORvL3I3f-apMvbH7IQ\" target=\"_blank\" rel=\"noopener noreferrer\"><strong>Archer Photos dans Tumblr<\/strong><\/a><\/li>\n<li><a title=\"http:\/\/www.modelmayhem.com\/archerphoto\" href=\"https:\/\/translate.googleusercontent.com\/translate_c?depth=1&amp;hl=en&amp;rurl=translate.google.com&amp;sl=de&amp;tl=fr&amp;u=http:\/\/www.modelmayhem.com\/archerphoto&amp;usg=ALkJrhjw7YxUvPUVEr2JuGchwtcxe808eA\" target=\"_blank\" rel=\"noopener noreferrer\"><strong>Archer Photos dans Mod\u00e8le Mayhem<\/strong><\/a><\/li>\n<li><a title=\"http:\/\/photographerforhire.archerphoto.com\/\" href=\"https:\/\/translate.googleusercontent.com\/translate_c?depth=1&amp;hl=en&amp;rurl=translate.google.com&amp;sl=de&amp;tl=fr&amp;u=http:\/\/photographerforhire.archerphoto.com\/&amp;usg=ALkJrhh6QhQwWXY68e-xTL5EDhw0yR-sRg\"><strong>Photos pour les touristes \u00e0 Valence<\/strong><\/a><\/li>\n<li><a title=\"https:\/\/www.facebook.com\/ArcherphotoinEnglish\" href=\"https:\/\/translate.googleusercontent.com\/translate_c?depth=1&amp;hl=en&amp;rurl=translate.google.com&amp;sl=de&amp;tl=fr&amp;u=https:\/\/www.facebook.com\/ArcherphotoinEnglish&amp;usg=ALkJrhi3O_hUijHdloEW47di9pQmLEWtQA\" target=\"_blank\" rel=\"noopener noreferrer\"><strong>Archer photos sur Facebook (en anglais)<\/strong><\/a><\/li>\n<li><a title=\"https:\/\/www.facebook.com\/ArcherPhoto.eu\" href=\"https:\/\/www.facebook.com\/ArcherPhoto.eu\" target=\"_blank\" rel=\"noopener noreferrer\"><strong>Archer Photos dans Facebook (espagnol)<\/strong><\/a><\/li>\n<\/ul>\n<p><strong>Contact rapide<\/strong><br \/>\n+34 6444 9753 5<br \/>\n<a href=\"mailto:sergi@archerphoto.eu\">sergi@archerphoto.eu<\/a><\/p>\n<p><a href=\"https:\/\/pvgrkdwu.a2hosted.com\/archerphotopuntocom\/professional-commercial-photographer-valencia-spain\/img_7039_small\/\" rel=\"attachment wp-att-814\"><img loading=\"lazy\" decoding=\"async\" class=\"alignleft size-large wp-image-814\" src=\"https:\/\/pvgrkdwu.a2hosted.com\/archerphotopuntocom\/wp-content\/uploads\/2015\/01\/IMG_7039_small-683x1024.jpg\" alt=\"Professional commercial photographer, Valencia, Spain\" width=\"683\" height=\"1024\" srcset=\"https:\/\/pvgrkdwu.a2hosted.com\/archerphotopuntocom\/wp-content\/uploads\/2015\/01\/IMG_7039_small-683x1024.jpg 683w, https:\/\/pvgrkdwu.a2hosted.com\/archerphotopuntocom\/wp-content\/uploads\/2015\/01\/IMG_7039_small-213x320.jpg 213w, https:\/\/pvgrkdwu.a2hosted.com\/archerphotopuntocom\/wp-content\/uploads\/2015\/01\/IMG_7039_small-690x1035.jpg 690w, https:\/\/pvgrkdwu.a2hosted.com\/archerphotopuntocom\/wp-content\/uploads\/2015\/01\/IMG_7039_small.jpg 800w\" sizes=\"auto, (max-width: 683px) 100vw, 683px\" \/><\/a><\/p>\n","protected":false},"excerpt":{"rendered":"<p>Bien que\u00a0\u00a0je tendance \u00e0 parler au pluriel, Archerphoto est fondamentalement Sergi Albir. Cependant, le travail d&#8217;\u00e9quipe est souvent la fa\u00e7on dont les r\u00e9sultats sont atteints. La plupart du temps le maquillage, la coiffure, aide \u00e0 la cr\u00e9ation, assistants d&#8217;\u00e9clairage, l&#8217;\u00e9quipage ou de l&#8217;\u00e9dition sonores personnes peuvent collaborer pour les r\u00e9sultats. Sergi Albir est le PDG &hellip; <\/p>\n<p class=\"link-more\"><a href=\"https:\/\/pvgrkdwu.a2hosted.com\/archerphotopuntocom\/propos-de-archerphoto-photographe-professionnel-en-espagne\/\" class=\"more-link\">Continue reading<span class=\"screen-reader-text\"> &#8220;\u00c0 propos de Archerphoto, photographe professionnel en Espagne&#8221;<\/span><\/a><\/p>\n","protected":false},"author":1,"featured_media":1455,"parent":0,"menu_order":0,"comment_status":"open","ping_status":"open","template":"","meta":{"footnotes":""},"class_list":["post-1123","page","type-page","status-publish","has-post-thumbnail","hentry"],"aioseo_notices":[],"_links":{"self":[{"href":"https:\/\/pvgrkdwu.a2hosted.com\/archerphotopuntocom\/wp-json\/wp\/v2\/pages\/1123","targetHints":{"allow":["GET"]}}],"collection":[{"href":"https:\/\/pvgrkdwu.a2hosted.com\/archerphotopuntocom\/wp-json\/wp\/v2\/pages"}],"about":[{"href":"https:\/\/pvgrkdwu.a2hosted.com\/archerphotopuntocom\/wp-json\/wp\/v2\/types\/page"}],"author":[{"embeddable":true,"href":"https:\/\/pvgrkdwu.a2hosted.com\/archerphotopuntocom\/wp-json\/wp\/v2\/users\/1"}],"replies":[{"embeddable":true,"href":"https:\/\/pvgrkdwu.a2hosted.com\/archerphotopuntocom\/wp-json\/wp\/v2\/comments?post=1123"}],"version-history":[{"count":15,"href":"https:\/\/pvgrkdwu.a2hosted.com\/archerphotopuntocom\/wp-json\/wp\/v2\/pages\/1123\/revisions"}],"predecessor-version":[{"id":2162,"href":"https:\/\/pvgrkdwu.a2hosted.com\/archerphotopuntocom\/wp-json\/wp\/v2\/pages\/1123\/revisions\/2162"}],"wp:featuredmedia":[{"embeddable":true,"href":"https:\/\/pvgrkdwu.a2hosted.com\/archerphotopuntocom\/wp-json\/wp\/v2\/media\/1455"}],"wp:attachment":[{"href":"https:\/\/pvgrkdwu.a2hosted.com\/archerphotopuntocom\/wp-json\/wp\/v2\/media?parent=1123"}],"curies":[{"name":"wp","href":"https:\/\/api.w.org\/{rel}","templated":true}]}}