{"id":1060,"date":"2015-04-30T19:35:09","date_gmt":"2015-04-30T19:35:09","guid":{"rendered":"http:\/\/www.archerphoto.com\/?page_id=1060"},"modified":"2024-08-04T09:36:28","modified_gmt":"2024-08-04T09:36:28","slug":"kontakt-uber-archerphoto","status":"publish","type":"page","link":"https:\/\/pvgrkdwu.a2hosted.com\/archerphotopuntocom\/kontakt-uber-archerphoto\/","title":{"rendered":"Kontakt &#8211; \u00dcber Archerphoto"},"content":{"rendered":"<h2><strong>\u00dcber Archerphoto<\/strong><\/h2>\n<p>Auch wenn ich dazu neige, Plural zu sprechen, Archerphoto ist im Grunde, Sergi Albir.<br \/>\nJedoch ist oft mit der Zusammenarbeit wie man Ergebnisse erzielt.<br \/>\nAm meistens, Make-up, Friseurs, kreative Hilfe, Lichtasisstenten, Bearbeitung, usw., kommen<br \/>\nauf die Ergebnisse zusammen.<br \/>\nSergi Albir ist der Gesch\u00e4ftsf\u00fchrer der Jalalala GbH, aber nicht nur der einzige der dort<br \/>\narbeitet.<br \/>\nSergi ist seit einigen Jahren Fotograf gewesen, aber er ist auch Journalist,<br \/>\nWirtschaftwissenschaftler und hat eine gute Erfahrung in Radio und anderen Medien.<br \/>\nEr ist in Spanien geboren, in Valencia Stadt und er arbeitet dort am meistens.<br \/>\nEr ist ein englischspr\u00e4chiger Fotograf und auch ein Schriftsteller, der alles hier selbst<br \/>\ngeschrieben hat.<br \/>\nEr hasst in der dritten Person von sich selbst zu sprechen , aber es ist \u201cso ein Unternehmensart<br \/>\nStil\u201d der ihn unvermeidlich f\u00fchrt.<br \/>\nWenn Sie ihm zum Lachen bringen wollen , sprechen sie ihm \u00fcber Joss Whedon.<\/p>\n<p><a href=\"https:\/\/pvgrkdwu.a2hosted.com\/archerphotopuntocom\/professional-photographer-in-spain\/img_7646-smallzzz\/\" rel=\"attachment wp-att-751\"><img loading=\"lazy\" decoding=\"async\" class=\"alignleft size-large wp-image-751\" src=\"https:\/\/pvgrkdwu.a2hosted.com\/archerphotopuntocom\/wp-content\/uploads\/2014\/10\/IMG_7646-smallzzz-1024x683.jpg\" alt=\"Professional photographer in Valencia, Spain\" width=\"980\" height=\"654\" srcset=\"https:\/\/pvgrkdwu.a2hosted.com\/archerphotopuntocom\/wp-content\/uploads\/2014\/10\/IMG_7646-smallzzz-1024x683.jpg 1024w, https:\/\/pvgrkdwu.a2hosted.com\/archerphotopuntocom\/wp-content\/uploads\/2014\/10\/IMG_7646-smallzzz-320x213.jpg 320w, https:\/\/pvgrkdwu.a2hosted.com\/archerphotopuntocom\/wp-content\/uploads\/2014\/10\/IMG_7646-smallzzz-690x460.jpg 690w, https:\/\/pvgrkdwu.a2hosted.com\/archerphotopuntocom\/wp-content\/uploads\/2014\/10\/IMG_7646-smallzzz-980x653.jpg 980w, https:\/\/pvgrkdwu.a2hosted.com\/archerphotopuntocom\/wp-content\/uploads\/2014\/10\/IMG_7646-smallzzz.jpg 1200w\" sizes=\"auto, (max-width: 767px) 89vw, (max-width: 1000px) 54vw, (max-width: 1071px) 543px, 580px\" \/><\/a><br \/>\n<strong>Projekte<\/strong><br \/>\nIch bin immer wieder zukunftsorientiert.<br \/>\nManchmal ist es ein Kurzfilm, ein Skript oder neue Bilder, aber ich kann einfach nicht gestoppt<br \/>\nwerden. Meine Facebook-Seite, es ist der beste Weg, mir zu folgen, aber ich empfehle Ihnen,<br \/>\nalle Orte zu \u00fcberpr\u00fcfen, wenn Sie eine breite Perspektive haben wollen.<br \/>\nZum Beispiel in meinem Tumblr kann ich ein paar Bilder zeigen, die einfach nicht f\u00fcr alle<br \/>\nverf\u00fcgbar sind in Flickr oder Facebook , solange sie zu restriktiv mit nackten menschlichen<br \/>\nK\u00f6rper sind.<\/p>\n<p><strong>Wissen Sie noch etwas mehr:<\/strong><br \/>\nSergi Albir ist auch ein Wirtschaftswissenschaftler und hat Artikeln ver\u00f6ffenlichtet in Zeitungen<br \/>\nund Zeitschriften , 15 Jahre lang.<br \/>\nEr hat in Radio und TV-Shows teilgenommen.<br \/>\nJetzt arbeitet er als Schriftsteller von Skripts, Artikeln und produziert Inhalt f\u00fcr Jalalala und<br \/>\nanderen Unternehmen. Er war auch Schauspieler in einigen Kurzfilmen, und er ist in vielen<br \/>\nverschiedenen Orten t\u00e4tig gewesen : von Koffertr\u00e4ger bis zu Marketing-Manager, oder<br \/>\nSchiffsbetriebsoffizier .<\/p>\n<h3>Profi- Fotograf in Spanien<\/h3>\n<p><strong>Berufsfotograf und r\u00fccksichtsvoll.<\/strong><br \/>\nGute pers\u00f6nliche Erscheinung. Internationale Business-Meeting Fotografen.<br \/>\nSprachen: Englisch, Franz\u00f6sisch, Spanisch, Katalanisch. Kommunikationsf\u00e4higkeiten.<br \/>\n<strong>Zuverl\u00e4ssig<\/strong><br \/>\nP\u00fcnktlichkeit ist wichtig f\u00fcr Sie, und es ist auch f\u00fcr uns. Wir werden dort im gew\u00fcnschten<br \/>\nZeitpunkt sein und f\u00fcr die Dauer, die Sie brauchen.<br \/>\n<strong>Discretion und Vertraulichkeit<\/strong><br \/>\nWir werden Ihre Informationen erhalten und wir k\u00f6nnen sogar eine schriftliche Vertraulichkeits<br \/>\nagreement liefern.<br \/>\n<strong>State-of-the-Art Fotografische Ausr\u00fcstung<\/strong><br \/>\nProfessionelle fotographische Ausr\u00fcstung und hohe Qualit\u00e4t. Immer gute Ergebnisse. Wenn Sie<br \/>\netwas Besonderes brauchen, fragen Sie bitte.<br \/>\n<strong>Schnelle Bild Lieferung<\/strong><br \/>\nWir liefern in k\u00fcrzester Zeit m\u00f6glich, wenn n\u00f6tig. Wir haben in der Tagespresse gearbeitet, so<br \/>\nk\u00f6nnen wir verstehen, dass Zeit von entscheidender Bedeutung ist.<\/p>\n<figure id=\"attachment_91\" aria-describedby=\"caption-attachment-91\" style=\"width: 980px\" class=\"wp-caption alignleft\"><a href=\"https:\/\/pvgrkdwu.a2hosted.com\/archerphotopuntocom\/about-archerphoto\/img_4153-cropped-corrected-smallzzz\/\" rel=\"attachment wp-att-91\"><img loading=\"lazy\" decoding=\"async\" class=\"wp-image-91 size-large\" src=\"https:\/\/pvgrkdwu.a2hosted.com\/archerphotopuntocom\/wp-content\/uploads\/2013\/02\/IMG_4153-cropped-corrected-smallzzz-1024x363.jpg\" alt=\"Kontakt - \u00dcber Archerphoto\" width=\"980\" height=\"347\" srcset=\"https:\/\/pvgrkdwu.a2hosted.com\/archerphotopuntocom\/wp-content\/uploads\/2013\/02\/IMG_4153-cropped-corrected-smallzzz-1024x363.jpg 1024w, https:\/\/pvgrkdwu.a2hosted.com\/archerphotopuntocom\/wp-content\/uploads\/2013\/02\/IMG_4153-cropped-corrected-smallzzz-320x113.jpg 320w, https:\/\/pvgrkdwu.a2hosted.com\/archerphotopuntocom\/wp-content\/uploads\/2013\/02\/IMG_4153-cropped-corrected-smallzzz-690x244.jpg 690w, https:\/\/pvgrkdwu.a2hosted.com\/archerphotopuntocom\/wp-content\/uploads\/2013\/02\/IMG_4153-cropped-corrected-smallzzz-980x347.jpg 980w, https:\/\/pvgrkdwu.a2hosted.com\/archerphotopuntocom\/wp-content\/uploads\/2013\/02\/IMG_4153-cropped-corrected-smallzzz.jpg 1200w\" sizes=\"auto, (max-width: 767px) 89vw, (max-width: 1000px) 54vw, (max-width: 1071px) 543px, 580px\" \/><\/a><figcaption id=\"caption-attachment-91\" class=\"wp-caption-text\">Archerphoto, Profi-Fotograf in Valencia (Spanien) und Europa<\/figcaption><\/figure>\n<h2>Kundshafts<\/h2>\n<p>&nbsp;<\/p>\n<p><a title=\"Diario El Pa\u00eds\" href=\"http:\/\/www.elpais.com\/\" target=\"_blank\" rel=\"noopener\"><strong>El Pa\u00eds<\/strong><\/a>\u00a0(Texte und Bilder)<\/p>\n<p><a title=\"Radio Marca\" href=\"http:\/\/www.marca.com\/multimedia\/radiomarca\/index.html\" target=\"_blank\" rel=\"nofollow noopener\"><strong>Radio Marca<\/strong><\/a>\u00a0(La Hora del Jalalala, live\u00a0radio show)<\/p>\n<p><a title=\"Fundaci\u00f3n Intra\" href=\"http:\/\/www.fundacionintra.es\/\" target=\"_blank\" rel=\"noopener\"><strong>Fundaci\u00f3n Intra<\/strong><\/a> (Corporate Image, soziale Netzwerke und Web. Container-Design)<\/p>\n<p><a href=\"http:\/\/www.metrovalencia.es\/\" rel=\"nofollow\"><strong>Metrovalencia<\/strong><\/a> (Fotografien und Videos)<\/p>\n<p><strong>Skoda<\/strong> (Fotografien und Videos World Dealer Conference 2014)<\/p>\n<p><a title=\"Miss Sushi\" href=\"http:\/\/www.misssushi.es\/\" target=\"_blank\" rel=\"nofollow noopener\"><strong>Miss Sushi<\/strong><\/a> (Fotografien)<\/p>\n<p><a title=\"C\u00e1ritas Diocesana de Valencia\" href=\"http:\/\/www.caritasvalencia.org\/\" target=\"_blank\" rel=\"noopener\"><strong>C\u00e1ritas<\/strong><\/a> (Campaign for Employment 2010, 2011,2012, Photo, Video, Grafik-Design.)<\/p>\n<p><a title=\"Asociaci\u00f3n Valenciana de Empresas de Inserci\u00f3n\" href=\"http:\/\/www.aveiweb.org\/\" target=\"_blank\" rel=\"nofollow noopener\"><strong>Asociaci\u00f3n Valenciana de Empresas de Inserci\u00f3n<\/strong> <\/a>(Web und Fotos) <strong>AVEI<\/strong><\/p>\n<p><strong><a title=\"http:\/\/www.portet-team.com\/\" href=\"http:\/\/www.portet-team.com\/\" target=\"_blank\" rel=\"nofollow noopener\">Julio Portet<\/a>\u00a0<\/strong>(Fotografien und videos)<\/p>\n<p><strong>Asociaci\u00f3n Espa\u00f1ola de Fisicoculturismo y Fitness <\/strong>(Fotografien)<\/p>\n<p><strong>WABBA Spain <\/strong>(Fotografien)<\/p>\n<p><strong>Colegio de Ingenieros de Caminos, Canales y Puertos de Valencia\u00a0<\/strong>(Fotografien)<\/p>\n<p><strong>Yamaha Espa\u00f1a<\/strong> (Fotografien)<\/p>\n<p><strong>Eclipse Events<\/strong>\u00a0(Fotografien und videos)<\/p>\n<p><strong>Movistar<\/strong> (Musical Los 40 Principales, fotografien)<\/p>\n<p><strong>Industria T\u00e9cnica Valenciana\u00a0<\/strong>(Fotografien)<\/p>\n<p><strong>Federaci\u00f3n Valenciana de F\u00fatbol\u00a0<\/strong>(Videos)<\/p>\n<p><strong>El Agente Naranja<\/strong> (videoclip)<\/p>\n<p><strong>Marian Cabeza<\/strong> (Fotografien und videos)<\/p>\n<p><strong>Fotoatrezzo<\/strong> (Fotografien und Zeitschriften Regisseur)<\/p>\n<p><strong>Escola Valenciana<\/strong>\u00a0(Fotografien Nit d\u2019Escola Valenciana und Voluntariat pel Valenci\u00e0)<\/p>\n<p><strong>La Mafia Blues Band\u00a0<\/strong>(Fotografien)<\/p>\n<p><strong>Sanford Alligator Band\u00a0<\/strong>(Fotografien)<\/p>\n<p><strong>Three4Soul\u00a0<\/strong>(Fotografien)<\/p>\n<p><strong>GAM\u00a0<\/strong>(Fotografien)<\/p>\n<p><strong>Sebasti\u00e1n Crudeli\u00a0<\/strong>(Fotografien)<\/p>\n<p>&nbsp;<\/p>\n<p>einige Links<\/p>\n<ul>\n<li><strong><a title=\"https:\/\/pvgrkdwu.a2hosted.com\/archerphotopuntocom\" href=\"https:\/\/pvgrkdwu.a2hosted.com\/archerphotopuntocom\" target=\"_blank\" rel=\"noopener\">Archerphoto in Englisch<\/a><\/strong><\/li>\n<li><strong><a title=\"http:\/\/Archerphoto.eu\" href=\"http:\/\/Archerphoto.eu\" target=\"_blank\" rel=\"noopener\">Archerphoto in Spanisch<\/a><\/strong><\/li>\n<li><strong><a title=\"http:\/\/www.jalalala.com\" href=\"http:\/\/www.jalalala.com\" target=\"_blank\" rel=\"noopener\">Jalalala Spanish web<\/a><\/strong><\/li>\n<li><strong><a title=\"http:\/\/www.flickr.com\/photos\/archerphoto\/\" href=\"http:\/\/www.flickr.com\/photos\/archerphoto\/\" target=\"_blank\" rel=\"noopener\">Archerphoto in Flickr<\/a><\/strong><\/li>\n<li><strong><a title=\"http:\/\/archerphoto.tumblr.com\/\" href=\"http:\/\/archerphoto.tumblr.com\/\" target=\"_blank\" rel=\"noopener\">Archerphoto in Tumblr<\/a><\/strong><\/li>\n<li><strong><a title=\"http:\/\/www.modelmayhem.com\/archerphoto \" href=\"http:\/\/www.modelmayhem.com\/archerphoto \" target=\"_blank\" rel=\"noopener\">Archerphoto in Model Mayhem<\/a><\/strong><\/li>\n<li><strong><a title=\"http:\/\/photographerforhire.archerphoto.com\/\" href=\"http:\/\/photographerforhire.archerphoto.com\/\">Pictures for tourists in Valencia<\/a><\/strong><\/li>\n<li><strong><a title=\"https:\/\/www.facebook.com\/ArcherphotoinEnglish\" href=\"https:\/\/www.facebook.com\/ArcherphotoinEnglish\" target=\"_blank\" rel=\"noopener\">Archerphoto in Facebook (English)<\/a><\/strong><\/li>\n<li><strong><a title=\"https:\/\/www.facebook.com\/ArcherPhoto.eu\" href=\"https:\/\/www.facebook.com\/ArcherPhoto.eu\" target=\"_blank\" rel=\"noopener\">Archerphoto in Facebook (Spanish)<\/a><\/strong><\/li>\n<\/ul>\n<p><strong>Schnellkontakt<\/strong><br \/>\n+34 6444 5 9753<br \/>\n<a href=\"mailto:sergi@archerphoto.eu\">sergi@archerphoto.eu<\/a><\/p>\n<p>Professionelle Fotodienste f\u00fcr Luxusreisende in Valencia (Englischsprachiger Fotograf)<\/p>\n<p><a href=\"https:\/\/pvgrkdwu.a2hosted.com\/archerphotopuntocom\/professional-commercial-photographer-valencia-spain\/img_7039_small\/\" rel=\"attachment wp-att-814\"><img loading=\"lazy\" decoding=\"async\" class=\"alignleft wp-image-814 size-large\" src=\"https:\/\/pvgrkdwu.a2hosted.com\/archerphotopuntocom\/wp-content\/uploads\/2015\/01\/IMG_7039_small-683x1024.jpg\" alt=\"Professionelle Fotodienste f\u00fcr Luxusreisende in Valencia (Englischsprachiger Fotograf)\" width=\"683\" height=\"1024\" srcset=\"https:\/\/pvgrkdwu.a2hosted.com\/archerphotopuntocom\/wp-content\/uploads\/2015\/01\/IMG_7039_small-683x1024.jpg 683w, https:\/\/pvgrkdwu.a2hosted.com\/archerphotopuntocom\/wp-content\/uploads\/2015\/01\/IMG_7039_small-213x320.jpg 213w, https:\/\/pvgrkdwu.a2hosted.com\/archerphotopuntocom\/wp-content\/uploads\/2015\/01\/IMG_7039_small-690x1035.jpg 690w, https:\/\/pvgrkdwu.a2hosted.com\/archerphotopuntocom\/wp-content\/uploads\/2015\/01\/IMG_7039_small.jpg 800w\" sizes=\"auto, (max-width: 683px) 100vw, 683px\" \/><\/a><\/p>\n","protected":false},"excerpt":{"rendered":"<p>\u00dcber Archerphoto Auch wenn ich dazu neige, Plural zu sprechen, Archerphoto ist im Grunde, Sergi Albir. Jedoch ist oft mit der Zusammenarbeit wie man Ergebnisse erzielt. Am meistens, Make-up, Friseurs, kreative Hilfe, Lichtasisstenten, Bearbeitung, usw., kommen auf die Ergebnisse zusammen. Sergi Albir ist der Gesch\u00e4ftsf\u00fchrer der Jalalala GbH, aber nicht nur der einzige der dort &hellip; <\/p>\n<p class=\"link-more\"><a href=\"https:\/\/pvgrkdwu.a2hosted.com\/archerphotopuntocom\/kontakt-uber-archerphoto\/\" class=\"more-link\">Continue reading<span class=\"screen-reader-text\"> &#8220;Kontakt &#8211; \u00dcber Archerphoto&#8221;<\/span><\/a><\/p>\n","protected":false},"author":1,"featured_media":0,"parent":0,"menu_order":0,"comment_status":"open","ping_status":"open","template":"","meta":{"footnotes":""},"class_list":["post-1060","page","type-page","status-publish","hentry"],"aioseo_notices":[],"_links":{"self":[{"href":"https:\/\/pvgrkdwu.a2hosted.com\/archerphotopuntocom\/wp-json\/wp\/v2\/pages\/1060","targetHints":{"allow":["GET"]}}],"collection":[{"href":"https:\/\/pvgrkdwu.a2hosted.com\/archerphotopuntocom\/wp-json\/wp\/v2\/pages"}],"about":[{"href":"https:\/\/pvgrkdwu.a2hosted.com\/archerphotopuntocom\/wp-json\/wp\/v2\/types\/page"}],"author":[{"embeddable":true,"href":"https:\/\/pvgrkdwu.a2hosted.com\/archerphotopuntocom\/wp-json\/wp\/v2\/users\/1"}],"replies":[{"embeddable":true,"href":"https:\/\/pvgrkdwu.a2hosted.com\/archerphotopuntocom\/wp-json\/wp\/v2\/comments?post=1060"}],"version-history":[{"count":13,"href":"https:\/\/pvgrkdwu.a2hosted.com\/archerphotopuntocom\/wp-json\/wp\/v2\/pages\/1060\/revisions"}],"predecessor-version":[{"id":2178,"href":"https:\/\/pvgrkdwu.a2hosted.com\/archerphotopuntocom\/wp-json\/wp\/v2\/pages\/1060\/revisions\/2178"}],"wp:attachment":[{"href":"https:\/\/pvgrkdwu.a2hosted.com\/archerphotopuntocom\/wp-json\/wp\/v2\/media?parent=1060"}],"curies":[{"name":"wp","href":"https:\/\/api.w.org\/{rel}","templated":true}]}}